{"id":3010,"date":"2026-05-11T09:55:20","date_gmt":"2026-05-11T09:55:20","guid":{"rendered":"https:\/\/conforto.vn\/index.php\/trang-chu\/"},"modified":"2026-05-11T09:55:20","modified_gmt":"2026-05-11T09:55:20","slug":"trang-chu","status":"publish","type":"page","link":"https:\/\/conforto.vn\/","title":{"rendered":"Trang Ch\u1ee7"},"content":{"rendered":"\t\t<div data-elementor-type=\"wp-page\" data-elementor-id=\"3010\" class=\"elementor elementor-3010\">\n\t\t\t\t<div data-aos=\"fade-up\" class=\"hostinger-elementor-aos elementor-element elementor-element-07fe42a hostinger-ai-hero-for-online-store-7 hostinger-ai-background-image e-flex e-con-boxed e-con e-parent\" data-id=\"07fe42a\" data-element_type=\"container\" data-e-type=\"container\" data-settings=\"{&quot;background_background&quot;:&quot;classic&quot;}\">\n\t\t\t\t\t<div class=\"e-con-inner\">\n\t\t<div data-aos=\"fade-up\" class=\"hostinger-elementor-aos elementor-element elementor-element-4df0c5f e-con-full e-flex e-con e-child\" data-id=\"4df0c5f\" data-element_type=\"container\" data-e-type=\"container\">\n\t\t\t\t<div class=\"elementor-element elementor-element-25adc73 hostinger-ai-title hostinger-index-5 hostinger-ai-font-title elementor-widget elementor-widget-heading\" data-id=\"25adc73\" data-element_type=\"widget\" data-e-type=\"widget\" data-widget_type=\"heading.default\">\n\t\t\t\t\t<h2 class=\"elementor-heading-title elementor-size-default\">M\u00e1y b\u01a1m Conforto<\/h2>\t\t\t\t<\/div>\n\t\t\t\t<div class=\"elementor-element elementor-element-43ed9d8 hostinger-ai-description hostinger-index-0 elementor-widget elementor-widget-text-editor\" data-id=\"43ed9d8\" data-element_type=\"widget\" data-e-type=\"widget\" data-widget_type=\"text-editor.default\">\n\t\t\t\t\t\t\t\t\tB\u01a1m n\u01b0\u1edbc b\u1ec1n b\u1ec9, v\u1eadn h\u00e0nh \u00eam \u00e1i, ti\u1ebft ki\u1ec7m \u0111i\u1ec7n n\u0103ng.\t\t\t\t\t\t\t\t<\/div>\n\t\t<div data-aos=\"fade-up\" class=\"hostinger-elementor-aos elementor-element elementor-element-491acf8 e-flex e-con-boxed e-con e-child\" data-id=\"491acf8\" data-element_type=\"container\" data-e-type=\"container\">\n\t\t\t\t\t<div class=\"e-con-inner\">\n\t\t\t\t<div class=\"elementor-element elementor-element-7274cd5 hostinger-ai-cta-button hostinger-index-6 elementor-widget elementor-widget-button\" data-id=\"7274cd5\" data-element_type=\"widget\" data-e-type=\"widget\" data-widget_type=\"button.default\">\n\t\t\t\t\t\t\t\t\t\t<a class=\"elementor-button elementor-button-link elementor-size-sm\" href=\"https:\/\/conforto.vn\/index.php\/cua-hang\/\">\n\t\t\t\t\t\t<span class=\"elementor-button-content-wrapper\">\n\t\t\t\t\t\t\t\t\t<span class=\"elementor-button-text\">Mua ngay<\/span>\n\t\t\t\t\t<\/span>\n\t\t\t\t\t<\/a>\n\t\t\t\t\t\t\t\t<\/div>\n\t\t\t\t\t<\/div>\n\t\t\t\t<\/div>\n\t\t\t\t<\/div>\n\t\t\t\t\t<\/div>\n\t\t\t\t<\/div>\n\t\t<div data-aos=\"fade-up\" class=\"hostinger-elementor-aos elementor-element elementor-element-a1b2c3d hostinger-ai-product-category-8 e-flex e-con-boxed e-con e-parent\" data-id=\"a1b2c3d\" data-element_type=\"container\" data-e-type=\"container\">\n\t\t\t\t\t<div class=\"e-con-inner\">\n\t\t<div data-aos=\"fade-up\" class=\"hostinger-elementor-aos elementor-element elementor-element-b2c3d4e e-con-full e-flex e-con e-child\" data-id=\"b2c3d4e\" data-element_type=\"container\" data-e-type=\"container\">\n\t\t\t\t<div class=\"elementor-element elementor-element-d4e5f6g hostinger-ai-title hostinger-index-16 hostinger-ai-font-title elementor-widget elementor-widget-heading\" data-id=\"d4e5f6g\" data-element_type=\"widget\" data-e-type=\"widget\" data-widget_type=\"heading.default\">\n\t\t\t\t\t<h2 class=\"elementor-heading-title elementor-size-default\">M\u00e1y b\u01a1m n\u01b0\u1edbc<\/h2>\t\t\t\t<\/div>\n\t\t\t\t<div class=\"elementor-element elementor-element-h8i9j0k hostinger-ai-subtitle hostinger-index-16 elementor-widget elementor-widget-text-editor\" data-id=\"h8i9j0k\" data-element_type=\"widget\" data-e-type=\"widget\" data-widget_type=\"text-editor.default\">\n\t\t\t\t\t\t\t\t\tCh\u1ea5t l\u01b0\u1ee3ng cao\t\t\t\t\t\t\t\t<\/div>\n\t\t\t\t<\/div>\n\t\t<div data-aos=\"fade-up\" class=\"hostinger-elementor-aos elementor-element elementor-element-e5f6g7h e-grid e-con-full e-con e-child\" data-id=\"e5f6g7h\" data-element_type=\"container\" data-e-type=\"container\">\n\t\t<div data-aos=\"fade-up\" class=\"hostinger-elementor-aos elementor-element elementor-element-f6g7h8i e-con-full e-flex e-con e-child\" data-id=\"f6g7h8i\" data-element_type=\"container\" data-e-type=\"container\">\n\t\t<div data-aos=\"fade-up\" class=\"hostinger-elementor-aos elementor-element elementor-element-img1 e-con-full hostinger-ai-cover-image hostinger-index-16 e-flex e-con e-child\" data-id=\"img1\" data-element_type=\"container\" data-e-type=\"container\" data-settings=\"{&quot;background_background&quot;:&quot;classic&quot;}\">\n\t\t\t\t<\/div>\n\t\t<div data-aos=\"fade-up\" class=\"hostinger-elementor-aos elementor-element elementor-element-content1 e-con-full e-flex e-con e-child\" data-id=\"content1\" data-element_type=\"container\" data-e-type=\"container\" data-settings=\"{&quot;background_background&quot;:&quot;classic&quot;}\">\n\t\t\t\t<div class=\"elementor-element elementor-element-g7h8i9j hostinger-ai-title hostinger-index-16 elementor-widget elementor-widget-heading\" data-id=\"g7h8i9j\" data-element_type=\"widget\" data-e-type=\"widget\" data-widget_type=\"heading.default\">\n\t\t\t\t\t<h2 class=\"elementor-heading-title elementor-size-default\">M\u00e1y b\u01a1m n\u01b0\u1edbc<\/h2>\t\t\t\t<\/div>\n\t\t\t\t<div class=\"elementor-element elementor-element-h8i9j0k hostinger-ai-description hostinger-index-16 elementor-widget elementor-widget-heading\" data-id=\"h8i9j0k\" data-element_type=\"widget\" data-e-type=\"widget\" data-widget_type=\"heading.default\">\n\t\t\t\t\t<h2 class=\"elementor-heading-title elementor-size-default\">B\u01a1m n\u01b0\u1edbc gia \u0111\u00ecnh, b\u1ec1n b\u1ec9 v\u00e0 ti\u1ebft ki\u1ec7m \u0111i\u1ec7n<\/h2>\t\t\t\t<\/div>\n\t\t\t\t<div class=\"elementor-element elementor-element-i9j0k1l elementor-align-center hostinger-ai-cta-button hostinger-index-16 elementor-widget elementor-widget-button\" data-id=\"i9j0k1l\" data-element_type=\"widget\" data-e-type=\"widget\" data-widget_type=\"button.default\">\n\t\t\t\t\t\t\t\t\t\t<a class=\"elementor-button elementor-button-link elementor-size-sm\" href=\"https:\/\/conforto.vn\/index.php\/danh-muc-san-pham\/dong-san-pham\/\">\n\t\t\t\t\t\t<span class=\"elementor-button-content-wrapper\">\n\t\t\t\t\t\t\t\t\t<span class=\"elementor-button-text\">Xem ngay<\/span>\n\t\t\t\t\t<\/span>\n\t\t\t\t\t<\/a>\n\t\t\t\t\t\t\t\t<\/div>\n\t\t\t\t<\/div>\n\t\t\t\t<\/div>\n\t\t<div data-aos=\"fade-up\" class=\"hostinger-elementor-aos elementor-element elementor-element-j0k1l2m e-con-full e-flex e-con e-child\" data-id=\"j0k1l2m\" data-element_type=\"container\" data-e-type=\"container\">\n\t\t<div data-aos=\"fade-up\" class=\"hostinger-elementor-aos elementor-element elementor-element-img2 e-con-full hostinger-ai-cover-image hostinger-index-17 e-flex e-con e-child\" data-id=\"img2\" data-element_type=\"container\" data-e-type=\"container\" data-settings=\"{&quot;background_background&quot;:&quot;classic&quot;}\">\n\t\t\t\t<\/div>\n\t\t<div data-aos=\"fade-up\" class=\"hostinger-elementor-aos elementor-element elementor-element-content2 e-con-full e-flex e-con e-child\" data-id=\"content2\" data-element_type=\"container\" data-e-type=\"container\" data-settings=\"{&quot;background_background&quot;:&quot;classic&quot;}\">\n\t\t\t\t<div class=\"elementor-element elementor-element-k1l2m3n hostinger-ai-title hostinger-index-17 elementor-widget elementor-widget-heading\" data-id=\"k1l2m3n\" data-element_type=\"widget\" data-e-type=\"widget\" data-widget_type=\"heading.default\">\n\t\t\t\t\t<h2 class=\"elementor-heading-title elementor-size-default\">Gia \u0111\u00ecnh<\/h2>\t\t\t\t<\/div>\n\t\t\t\t<div class=\"elementor-element elementor-element-l2m3n4o hostinger-ai-description hostinger-index-17 elementor-widget elementor-widget-heading\" data-id=\"l2m3n4o\" data-element_type=\"widget\" data-e-type=\"widget\" data-widget_type=\"heading.default\">\n\t\t\t\t\t<h2 class=\"elementor-heading-title elementor-size-default\">M\u00e1y b\u01a1m c\u00f4ng nghi\u1ec7p m\u1ea1nh m\u1ebd, hi\u1ec7u su\u1ea5t cao<\/h2>\t\t\t\t<\/div>\n\t\t\t\t<div class=\"elementor-element elementor-element-m3n4o5p elementor-align-center hostinger-ai-cta-button hostinger-index-17 elementor-widget elementor-widget-button\" data-id=\"m3n4o5p\" data-element_type=\"widget\" data-e-type=\"widget\" data-widget_type=\"button.default\">\n\t\t\t\t\t\t\t\t\t\t<a class=\"elementor-button elementor-button-link elementor-size-sm\" href=\"https:\/\/conforto.vn\/index.php\/danh-muc-san-pham\/gia-dinh\/\">\n\t\t\t\t\t\t<span class=\"elementor-button-content-wrapper\">\n\t\t\t\t\t\t\t\t\t<span class=\"elementor-button-text\">Mua ngay<\/span>\n\t\t\t\t\t<\/span>\n\t\t\t\t\t<\/a>\n\t\t\t\t\t\t\t\t<\/div>\n\t\t\t\t<\/div>\n\t\t\t\t<\/div>\n\t\t<div data-aos=\"fade-up\" class=\"hostinger-elementor-aos elementor-element elementor-element-n4o5p6q e-con-full e-flex e-con e-child\" data-id=\"n4o5p6q\" data-element_type=\"container\" data-e-type=\"container\">\n\t\t<div data-aos=\"fade-up\" class=\"hostinger-elementor-aos elementor-element elementor-element-img3 e-con-full hostinger-ai-cover-image hostinger-index-18 e-flex e-con e-child\" data-id=\"img3\" data-element_type=\"container\" data-e-type=\"container\" data-settings=\"{&quot;background_background&quot;:&quot;classic&quot;}\">\n\t\t\t\t<\/div>\n\t\t<div data-aos=\"fade-up\" class=\"hostinger-elementor-aos elementor-element elementor-element-content3 e-con-full e-flex e-con e-child\" data-id=\"content3\" data-element_type=\"container\" data-e-type=\"container\" data-settings=\"{&quot;background_background&quot;:&quot;classic&quot;}\">\n\t\t\t\t<div class=\"elementor-element elementor-element-o5p6q7r hostinger-ai-title hostinger-index-18 elementor-widget elementor-widget-heading\" data-id=\"o5p6q7r\" data-element_type=\"widget\" data-e-type=\"widget\" data-widget_type=\"heading.default\">\n\t\t\t\t\t<h2 class=\"elementor-heading-title elementor-size-default\">Di \u0111\u1ed9ng<\/h2>\t\t\t\t<\/div>\n\t\t\t\t<div class=\"elementor-element elementor-element-p6q7r8s hostinger-ai-description hostinger-index-18 elementor-widget elementor-widget-heading\" data-id=\"p6q7r8s\" data-element_type=\"widget\" data-e-type=\"widget\" data-widget_type=\"heading.default\">\n\t\t\t\t\t<h2 class=\"elementor-heading-title elementor-size-default\">B\u01a1m n\u01b0\u1edbc di \u0111\u1ed9ng ti\u1ec7n l\u1ee3i, d\u1ec5 d\u00e0ng mang theo<\/h2>\t\t\t\t<\/div>\n\t\t\t\t<div class=\"elementor-element elementor-element-q7r8s9t elementor-align-center hostinger-ai-cta-button hostinger-index-18 elementor-widget elementor-widget-button\" data-id=\"q7r8s9t\" data-element_type=\"widget\" data-e-type=\"widget\" data-widget_type=\"button.default\">\n\t\t\t\t\t\t\t\t\t\t<a class=\"elementor-button elementor-button-link elementor-size-sm\" href=\"https:\/\/conforto.vn\/index.php\/danh-muc-san-pham\/di-dong\/\">\n\t\t\t\t\t\t<span class=\"elementor-button-content-wrapper\">\n\t\t\t\t\t\t\t\t\t<span class=\"elementor-button-text\">Kh\u00e1m ph\u00e1<\/span>\n\t\t\t\t\t<\/span>\n\t\t\t\t\t<\/a>\n\t\t\t\t\t\t\t\t<\/div>\n\t\t\t\t<\/div>\n\t\t\t\t<\/div>\n\t\t\t\t<\/div>\n\t\t\t\t\t<\/div>\n\t\t\t\t<\/div>\n\t\t<div data-aos=\"fade-up\" class=\"hostinger-elementor-aos elementor-element elementor-element-7867da8 e-grid e-con-full hostinger-product-list e-con e-parent\" data-id=\"7867da8\" data-element_type=\"container\" data-e-type=\"container\">\n\t\t<div data-aos=\"fade-up\" class=\"hostinger-elementor-aos elementor-element elementor-element-87f2589 e-flex e-con-boxed e-con e-child\" data-id=\"87f2589\" data-element_type=\"container\" data-e-type=\"container\">\n\t\t\t\t\t<div class=\"e-con-inner\">\n\t\t\t\t<div class=\"elementor-element elementor-element-ffc2b31 hostinger-ai-title elementor-widget elementor-widget-heading\" data-id=\"ffc2b31\" data-element_type=\"widget\" data-e-type=\"widget\" data-widget_type=\"heading.default\">\n\t\t\t\t\t<h2 class=\"elementor-heading-title elementor-size-default\">M\u00e1y b\u01a1m<\/h2>\t\t\t\t<\/div>\n\t\t\t\t<div class=\"elementor-element elementor-element-9a280ab elementor-widget elementor-widget-shortcode\" data-id=\"9a280ab\" data-element_type=\"widget\" data-e-type=\"widget\" data-widget_type=\"shortcode.default\">\n\t\t\t\t\t\t\t<div class=\"elementor-shortcode\"><div class=\"woocommerce columns-4 \"><ul class=\"products columns-4\">\n<li class=\"product type-product post-3007 status-publish first instock product_cat-bom-gieng-khoan has-post-thumbnail shipping-taxable purchasable product-type-simple\">\n\t<a href=\"https:\/\/conforto.vn\/index.php\/san-pham\/bom-ap-luc\/\" class=\"woocommerce-LoopProduct-link woocommerce-loop-product__link\"><img fetchpriority=\"high\" decoding=\"async\" src=\"https:\/\/images.unsplash.com\/photo-1659481435455-aa8a98110c9a?q=85&amp;w=300&amp;h=300&amp;fit=crop\" width=\"300\" height=\"300\" class=\"wp-post-image\" alt=\"B\u01a1m \u00e1p l\u1ef1c\"\/><h2 class=\"woocommerce-loop-product__title\">B\u01a1m \u00e1p l\u1ef1c<\/h2>\n\t<span class=\"price\"><span class=\"woocommerce-Price-amount amount\"><bdi>2.100&nbsp;<span class=\"woocommerce-Price-currencySymbol\">&#8363;<\/span><\/bdi><\/span><\/span>\n<\/a><a href=\"\/index.php\/wp-json\/wp\/v2\/pages\/3010?add-to-cart=3007\" aria-describedby=\"woocommerce_loop_add_to_cart_link_describedby_3007\" data-quantity=\"1\" class=\"button wp-element-button product_type_simple add_to_cart_button ajax_add_to_cart\" data-product_id=\"3007\" data-product_sku=\"\" aria-label=\"Th\u00eam v\u00e0o gi\u1ecf h\u00e0ng: &ldquo;B\u01a1m \u00e1p l\u1ef1c&rdquo;\" rel=\"nofollow\" data-success_message=\"&ldquo;B\u01a1m \u00e1p l\u1ef1c&rdquo; \u0111\u00e3 \u0111\u01b0\u1ee3c th\u00eam v\u00e0o gi\u1ecf h\u00e0ng c\u1ee7a b\u1ea1n\" role=\"button\">Th\u00eam v\u00e0o gi\u1ecf h\u00e0ng<\/a>\t<span id=\"woocommerce_loop_add_to_cart_link_describedby_3007\" class=\"screen-reader-text\">\n\t\t\t<\/span>\n<\/li>\n<li class=\"product type-product post-3005 status-publish instock product_cat-gia-dinh has-post-thumbnail shipping-taxable purchasable product-type-simple\">\n\t<a href=\"https:\/\/conforto.vn\/index.php\/san-pham\/bom-di-dong\/\" class=\"woocommerce-LoopProduct-link woocommerce-loop-product__link\"><img decoding=\"async\" src=\"https:\/\/images.unsplash.com\/photo-1592799124159-f769a258e71a?q=85&amp;w=300&amp;h=300&amp;fit=crop\" width=\"300\" height=\"300\" class=\"wp-post-image\" alt=\"B\u01a1m di \u0111\u1ed9ng\"\/><h2 class=\"woocommerce-loop-product__title\">B\u01a1m di \u0111\u1ed9ng<\/h2>\n\t<span class=\"price\"><span class=\"woocommerce-Price-amount amount\"><bdi>980&nbsp;<span class=\"woocommerce-Price-currencySymbol\">&#8363;<\/span><\/bdi><\/span><\/span>\n<\/a><a href=\"\/index.php\/wp-json\/wp\/v2\/pages\/3010?add-to-cart=3005\" aria-describedby=\"woocommerce_loop_add_to_cart_link_describedby_3005\" data-quantity=\"1\" class=\"button wp-element-button product_type_simple add_to_cart_button ajax_add_to_cart\" data-product_id=\"3005\" data-product_sku=\"\" aria-label=\"Th\u00eam v\u00e0o gi\u1ecf h\u00e0ng: &ldquo;B\u01a1m di \u0111\u1ed9ng&rdquo;\" rel=\"nofollow\" data-success_message=\"&ldquo;B\u01a1m di \u0111\u1ed9ng&rdquo; \u0111\u00e3 \u0111\u01b0\u1ee3c th\u00eam v\u00e0o gi\u1ecf h\u00e0ng c\u1ee7a b\u1ea1n\" role=\"button\">Th\u00eam v\u00e0o gi\u1ecf h\u00e0ng<\/a>\t<span id=\"woocommerce_loop_add_to_cart_link_describedby_3005\" class=\"screen-reader-text\">\n\t\t\t<\/span>\n<\/li>\n<li class=\"product type-product post-3003 status-publish instock product_cat-dong-san-pham has-post-thumbnail shipping-taxable purchasable product-type-simple\">\n\t<a href=\"https:\/\/conforto.vn\/index.php\/san-pham\/bom-chim-nuoc\/\" class=\"woocommerce-LoopProduct-link woocommerce-loop-product__link\"><img decoding=\"async\" src=\"https:\/\/images.unsplash.com\/photo-1547641780-b3351118c85e?q=85&amp;w=300&amp;h=300&amp;fit=crop\" width=\"300\" height=\"300\" class=\"wp-post-image\" alt=\"B\u01a1m ch\u00ecm n\u01b0\u1edbc\"\/><h2 class=\"woocommerce-loop-product__title\">B\u01a1m ch\u00ecm n\u01b0\u1edbc<\/h2>\n\t<span class=\"price\"><span class=\"woocommerce-Price-amount amount\"><bdi>1.450&nbsp;<span class=\"woocommerce-Price-currencySymbol\">&#8363;<\/span><\/bdi><\/span><\/span>\n<\/a><a href=\"\/index.php\/wp-json\/wp\/v2\/pages\/3010?add-to-cart=3003\" aria-describedby=\"woocommerce_loop_add_to_cart_link_describedby_3003\" data-quantity=\"1\" class=\"button wp-element-button product_type_simple add_to_cart_button ajax_add_to_cart\" data-product_id=\"3003\" data-product_sku=\"\" aria-label=\"Th\u00eam v\u00e0o gi\u1ecf h\u00e0ng: &ldquo;B\u01a1m ch\u00ecm n\u01b0\u1edbc&rdquo;\" rel=\"nofollow\" data-success_message=\"&ldquo;B\u01a1m ch\u00ecm n\u01b0\u1edbc&rdquo; \u0111\u00e3 \u0111\u01b0\u1ee3c th\u00eam v\u00e0o gi\u1ecf h\u00e0ng c\u1ee7a b\u1ea1n\" role=\"button\">Th\u00eam v\u00e0o gi\u1ecf h\u00e0ng<\/a>\t<span id=\"woocommerce_loop_add_to_cart_link_describedby_3003\" class=\"screen-reader-text\">\n\t\t\t<\/span>\n<\/li>\n<li class=\"product type-product post-3001 status-publish last instock product_cat-di-dong has-post-thumbnail shipping-taxable purchasable product-type-simple\">\n\t<a href=\"https:\/\/conforto.vn\/index.php\/san-pham\/bom-cong-nghiep\/\" class=\"woocommerce-LoopProduct-link woocommerce-loop-product__link\"><img loading=\"lazy\" decoding=\"async\" src=\"https:\/\/images.unsplash.com\/photo-1552134336-3f2537851b2f?q=85&amp;w=300&amp;h=300&amp;fit=crop\" width=\"300\" height=\"300\" class=\"wp-post-image\" alt=\"B\u01a1m c\u00f4ng nghi\u1ec7p\"\/><h2 class=\"woocommerce-loop-product__title\">B\u01a1m c\u00f4ng nghi\u1ec7p<\/h2>\n\t<span class=\"price\"><span class=\"woocommerce-Price-amount amount\"><bdi>3.200&nbsp;<span class=\"woocommerce-Price-currencySymbol\">&#8363;<\/span><\/bdi><\/span><\/span>\n<\/a><a href=\"\/index.php\/wp-json\/wp\/v2\/pages\/3010?add-to-cart=3001\" aria-describedby=\"woocommerce_loop_add_to_cart_link_describedby_3001\" data-quantity=\"1\" class=\"button wp-element-button product_type_simple add_to_cart_button ajax_add_to_cart\" data-product_id=\"3001\" data-product_sku=\"\" aria-label=\"Th\u00eam v\u00e0o gi\u1ecf h\u00e0ng: &ldquo;B\u01a1m c\u00f4ng nghi\u1ec7p&rdquo;\" rel=\"nofollow\" data-success_message=\"&ldquo;B\u01a1m c\u00f4ng nghi\u1ec7p&rdquo; \u0111\u00e3 \u0111\u01b0\u1ee3c th\u00eam v\u00e0o gi\u1ecf h\u00e0ng c\u1ee7a b\u1ea1n\" role=\"button\">Th\u00eam v\u00e0o gi\u1ecf h\u00e0ng<\/a>\t<span id=\"woocommerce_loop_add_to_cart_link_describedby_3001\" class=\"screen-reader-text\">\n\t\t\t<\/span>\n<\/li>\n<\/ul>\n<\/div><\/div>\n\t\t\t\t\t\t<\/div>\n\t\t\t\t<div class=\"elementor-element elementor-element-29944a2 hostinger-ai-cta-button elementor-widget elementor-widget-button\" data-id=\"29944a2\" data-element_type=\"widget\" data-e-type=\"widget\" data-widget_type=\"button.default\">\n\t\t\t\t\t\t\t\t\t\t<a class=\"elementor-button elementor-button-link elementor-size-sm\" href=\"https:\/\/conforto.vn\/index.php\/cua-hang\/\">\n\t\t\t\t\t\t<span class=\"elementor-button-content-wrapper\">\n\t\t\t\t\t\t\t\t\t<span class=\"elementor-button-text\">Xem t\u1ea5t c\u1ea3 s\u1ea3n ph\u1ea9m b\u01a1m n\u01b0\u1edbc t\u1ea1i Conforto<\/span>\n\t\t\t\t\t<\/span>\n\t\t\t\t\t<\/a>\n\t\t\t\t\t\t\t\t<\/div>\n\t\t\t\t\t<\/div>\n\t\t\t\t<\/div>\n\t\t\t\t<\/div>\n\t\t<div data-aos=\"fade-up\" class=\"hostinger-elementor-aos elementor-element elementor-element-9479030 e-flex e-con-boxed e-con e-parent\" data-id=\"9479030\" data-element_type=\"container\" data-e-type=\"container\">\n\t\t\t\t\t<div class=\"e-con-inner\">\n\t\t\t\t<div class=\"elementor-element elementor-element-8ffd61b hostinger-ai-title elementor-widget elementor-widget-heading\" data-id=\"8ffd61b\" data-element_type=\"widget\" data-e-type=\"widget\" data-widget_type=\"heading.default\">\n\t\t\t\t\t<h2 class=\"elementor-heading-title elementor-size-default\">\u0110\u0103ng k\u00fd ngay<\/h2>\t\t\t\t<\/div>\n\t\t\t\t<div class=\"elementor-element elementor-element-f3c9011 hostinger-ai-description elementor-widget elementor-widget-text-editor\" data-id=\"f3c9011\" data-element_type=\"widget\" data-e-type=\"widget\" data-widget_type=\"text-editor.default\">\n\t\t\t\t\t\t\t\t\tNh\u1eadn \u01b0u \u0111\u00e3i v\u00e0 tin t\u1ee9c m\u1edbi nh\u1ea5t v\u1ec1 m\u00e1y b\u01a1m n\u01b0\u1edbc t\u1eeb Conforto.\t\t\t\t\t\t\t\t<\/div>\n\t\t\t\t<div class=\"elementor-element elementor-element-7763be8 elementor-widget__width-initial elementor-widget elementor-widget-hostinger-reach\" data-id=\"7763be8\" data-element_type=\"widget\" data-e-type=\"widget\" data-widget_type=\"hostinger-reach.default\">\n\t\t\t\t<div class=\"elementor-widget-container\">\n\t\t\t\t\t        <div class=\"hostinger-reach-block-subscription-form-wrapper\">\n\n            <form id=\"elementor-hostinger-reach-form-2082986136102578177\" class=\"hostinger-reach-block-subscription-form\">\n                <input type=\"hidden\" name=\"group\" value=\"\">\n                <input type=\"hidden\" name=\"id\" value=\"elementor-hostinger-reach-form-2082986136102578177\">\n                <input type=\"hidden\" name=\"tags\" value=\"\">\n                <input type=\"hidden\" name=\"metadata.plugin\" value=\"elementor\">\n\n                <div\n                    class=\"hostinger-reach-block-form-fields \">\n                    <div class=\"hostinger-reach-block-form-field\">\n                        <label\n                            for=\"elementor-hostinger-reach-form-2082986136102578177-email\">Email                            <span class=\"required\">*<\/span><\/label>\n                        <input type=\"email\" id=\"elementor-hostinger-reach-form-2082986136102578177-email\" name=\"email\" required>\n                    <\/div>\n\n                    \n                    \n                    <button\n                        type=\"submit\"\n                        class=\"hostinger-reach-block-submit has-light-color has-color-3-background-color has-text-color has-background has-link-color\"\n                        >\n                        \u0110\u0103ng k\u00fd                    <\/button>\n                <\/div>\n\n                <div class=\"reach-subscription-message\" style=\"display: none;\">\n                    <div class=\"reach-subscription-message__icon\" style=\"display: none;\">\n                        <svg width=\"24\" height=\"24\" viewBox=\"0 0 24 24\" fill=\"none\" xmlns=\"http:\/\/www.w3.org\/2000\/svg\">\n                            <path d=\"M21.0455 5.95463C21.4848 6.39397 21.4848 7.10628 21.0455 7.54562L11.5076 17.0835C10.9511 17.64 10.0489 17.64 9.49237 17.0835L5.2045 12.7956C4.76517 12.3563 4.76517 11.644 5.2045 11.2046C5.64384 10.7653 6.35616 10.7653 6.7955 11.2046L10.5 14.9091L19.4545 5.95463C19.8938 5.51529 20.6062 5.51529 21.0455 5.95463Z\" fill=\"#18181A\"\/>\n                        <\/svg>\n                    <\/div>\n                    <div class=\"reach-subscription-message__text\">\n                        Subscription form is not available at the moment                    <\/div>\n                <\/div>\n            <\/form>\n        <\/div>\n        \t\t\t\t<\/div>\n\t\t\t\t<\/div>\n\t\t\t\t\t<\/div>\n\t\t\t\t<\/div>\n\t\t\t\t<\/div>\n\t\t","protected":false},"excerpt":{"rendered":"","protected":false},"author":1,"featured_media":0,"parent":0,"menu_order":0,"comment_status":"closed","ping_status":"closed","template":"","meta":{"footnotes":""},"class_list":["post-3010","page","type-page","status-publish","hentry"],"_hostinger_reach_plugin_has_subscription_block":false,"_hostinger_reach_plugin_is_elementor":false,"_links":{"self":[{"href":"https:\/\/conforto.vn\/index.php\/wp-json\/wp\/v2\/pages\/3010","targetHints":{"allow":["GET"]}}],"collection":[{"href":"https:\/\/conforto.vn\/index.php\/wp-json\/wp\/v2\/pages"}],"about":[{"href":"https:\/\/conforto.vn\/index.php\/wp-json\/wp\/v2\/types\/page"}],"author":[{"embeddable":true,"href":"https:\/\/conforto.vn\/index.php\/wp-json\/wp\/v2\/users\/1"}],"replies":[{"embeddable":true,"href":"https:\/\/conforto.vn\/index.php\/wp-json\/wp\/v2\/comments?post=3010"}],"version-history":[{"count":0,"href":"https:\/\/conforto.vn\/index.php\/wp-json\/wp\/v2\/pages\/3010\/revisions"}],"wp:attachment":[{"href":"https:\/\/conforto.vn\/index.php\/wp-json\/wp\/v2\/media?parent=3010"}],"curies":[{"name":"wp","href":"https:\/\/api.w.org\/{rel}","templated":true}]}}