{"id":2492,"date":"2026-05-11T08:39:44","date_gmt":"2026-05-11T08:39:44","guid":{"rendered":"https:\/\/conforto.vn\/?post_type=product&#038;p=2492"},"modified":"2026-05-11T08:39:45","modified_gmt":"2026-05-11T08:39:45","slug":"may-bom-tu-moi-elanta-np-2-c","status":"publish","type":"product","link":"https:\/\/conforto.vn\/index.php\/san-pham\/may-bom-tu-moi-elanta-np-2-c\/","title":{"rendered":"M\u00e1y b\u01a1m t\u1ef1 m\u1ed3i Elanta NP 2 C"},"content":{"rendered":"<div id=\"jm-allpage\">\n<div id=\"jm-page\">\n<section id=\"jm-main\">\n<div class=\"container-fluid\">\n<div class=\"row-fluid\">\n<div id=\"jm-content\" class=\"span12\">\n<div id=\"jm-maincontent\">\n<div class=\"item-page\">\n<div>\n<div class=\"fbProduct\">\n<p><strong>M\u00e1y b\u01a1m t\u1ef1 m\u1ed3i Elanta NP2 C<\/strong><\/p>\n<p><strong>S\u1eec D\u1ee4NG:<\/strong>\u00a0Nh\u1eefng l\u1ee3i th\u1ebf \u0111\u01b0\u1ee3c t\u00ecm th\u1ea5y trong m\u00f4 h\u00ecnh n\u00e0y l\u00e0 n\u0103ng su\u1ea5t th\u1ee7y l\u1ef1c tuy\u1ec7t v\u1eddi, kh\u1ea3 n\u0103ng h\u00fat v\u00e0 \u00e1p su\u1ea5t v\u01b0\u1ee3t tr\u1ed9i v\u00e0 \u0111\u1ed9 im l\u1eb7ng t\u1ed1t.\u00a0Ch\u00fang t\u00f4i khuy\u00ean b\u1ea1n n\u00ean s\u1eed d\u1ee5ng ch\u1ea5t l\u1ecfng l\u00e0m s\u1ea1ch h\u00f3a h\u1ecdc v\u00e0 c\u01a1 h\u1ecdc v\u1edbi nhi\u1ec7t \u0111\u1ed9 kh\u00f4ng cao h\u01a1n nhi\u1ec7t \u0111\u1ed9 m\u00f4i tr\u01b0\u1eddng.<\/p>\n<p><strong>B\u01a0M: B\u01a1m<\/strong>\u00a0monobloc tr\u1ee5c ngang v\u1edbi b\u00e1nh c\u00f4ng t\u00e1c b\u1eb1ng \u0111\u1ed3ng (theo y\u00eau c\u1ea7u \u1edf Noryl), th\u00e2n b\u01a1m gang G20, gi\u00e1 \u0111\u1ee1 gang G20, \u1ed1ng ventory Noryl v\u1edbi s\u1ee3i th\u1ee7y tinh 20%, tr\u1ee5c inox AISI 416 v\u00e0 ph\u1ed1t c\u01a1 kh\u00ed trong g\u1ed1m \/ than ch\u00ec.<\/p>\n<p><strong>\u0110\u1ed8NG C\u01a0:<\/strong>\u00a0Lo\u1ea1i k\u00edn \u0111i\u1ec7n c\u00f3 th\u00f4ng gi\u00f3 b\u00ean ngo\u00e0i, \u0111\u1ed9 b\u1ea3o v\u1ec7 IP 44. L\u1edbp c\u00e1ch \u0111i\u1ec7n F. Trong \u0111\u1ed9ng c\u01a1 m\u1ed9t pha, m\u1ed9t b\u1ed9 \u0111i\u1ec1u nhi\u1ec7t vi m\u00f4 \u0111\u01b0\u1ee3c l\u1eafp v\u00e0o \u0111\u1ec3 tr\u00e1nh h\u01b0 h\u1ecfng trong tr\u01b0\u1eddng h\u1ee3p qu\u00e1 nhi\u1ec7t.\u00a0Ng\u01b0\u1eddi s\u1eed d\u1ee5ng ch\u1ecbu tr\u00e1ch nhi\u1ec7m cho \u0111\u1ed9ng c\u01a1 ba pha.<\/p>\n<p><strong>\u0110I\u1ec6N \u00c1P:<\/strong>\u00a0NPM: 230-240 V. 50 Hz;\u00a0NP: 230\/400 V. 50 Hz. C\u00e1c \u0111i\u1ec7n \u00e1p v\u00e0 t\u1ea7n s\u1ed1 kh\u00e1c nhau c\u00f3 s\u1eb5n theo y\u00eau c\u1ea7u.<\/p>\n<p><strong>\u1ee8NG D\u1ee4NG:<\/strong> Trong n\u01b0\u1edbc, th\u1ee7y l\u1ee3i<\/p>\n<\/div>\n<\/div>\n<\/div>\n<\/div>\n<\/div>\n<\/div>\n<\/div>\n<\/section>\n<footer id=\"jm-footer\" class=\"\">\n<div class=\"container-fluid clearfix jm-footer\">\n<div id=\"jm-footer-in\" class=\"row-fluid\">\n<div id=\"jm-footer-right\" class=\"span4 pull-right\"><a href=\"https:\/\/conforto.vn\/wp-content\/uploads\/2019\/09\/NPM_C-Catalogy-1.pdf\" target=\"_blank\" rel=\"noopener noreferrer\">T\u1ea3i v\u1ec1 NPM_C-Catalogy<\/a><\/div>\n<\/div>\n<\/div>\n<\/footer>\n<\/div>\n<\/div>\n<div id=\"boxplus\">\n<div class=\"boxplus-background boxplus-hidden\"><img fetchpriority=\"high\" decoding=\"async\" class=\"alignnone wp-image-1129\" src=\"https:\/\/conforto.vn\/wp-content\/uploads\/2019\/09\/6-2-612x400.jpg\" alt=\"\" width=\"663\" height=\"433\" \/><\/div>\n<\/div>\n","protected":false},"excerpt":{"rendered":"<ul>\n<li>Model : NP2 C<\/li>\n<li>C\u00f4ng su\u1ea5t : 0,75HP &#8211; 0,55kW<\/li>\n<li>\u0110i\u1ec7n \u00e1p : 380v\/3P &#8211; 50Hz<\/li>\n<li>L\u01b0u l\u01b0\u1ee3ng :<span style=\"font-size: 14.4px\">0,3 <\/span>-2,4m3\/h<\/li>\n<li>C\u1ed9t \u00e1p :3<span style=\"font-size: 14.4px\">9<\/span>-18Hm<\/li>\n<li>Xu\u1ea5t x\u1ee9 : Italya<\/li>\n<\/ul>\n","protected":false},"featured_media":2485,"comment_status":"open","ping_status":"closed","template":"","meta":[],"product_brand":[],"product_cat":[138],"product_tag":[30,139,140,149],"class_list":{"0":"post-2492","1":"product","2":"type-product","3":"status-publish","4":"has-post-thumbnail","6":"product_cat-may-bom-tu-moi","7":"product_tag-may-bom","8":"product_tag-may-bom-tu-moi","9":"product_tag-may-bom-tu-moi-elanta","10":"product_tag-may-bom-tu-moi-elanta-np-2-c","12":"first","13":"instock","14":"shipping-taxable","15":"product-type-simple"},"_links":{"self":[{"href":"https:\/\/conforto.vn\/index.php\/wp-json\/wp\/v2\/product\/2492","targetHints":{"allow":["GET"]}}],"collection":[{"href":"https:\/\/conforto.vn\/index.php\/wp-json\/wp\/v2\/product"}],"about":[{"href":"https:\/\/conforto.vn\/index.php\/wp-json\/wp\/v2\/types\/product"}],"replies":[{"embeddable":true,"href":"https:\/\/conforto.vn\/index.php\/wp-json\/wp\/v2\/comments?post=2492"}],"wp:featuredmedia":[{"embeddable":true,"href":"https:\/\/conforto.vn\/index.php\/wp-json\/wp\/v2\/media\/2485"}],"wp:attachment":[{"href":"https:\/\/conforto.vn\/index.php\/wp-json\/wp\/v2\/media?parent=2492"}],"wp:term":[{"taxonomy":"product_brand","embeddable":true,"href":"https:\/\/conforto.vn\/index.php\/wp-json\/wp\/v2\/product_brand?post=2492"},{"taxonomy":"product_cat","embeddable":true,"href":"https:\/\/conforto.vn\/index.php\/wp-json\/wp\/v2\/product_cat?post=2492"},{"taxonomy":"product_tag","embeddable":true,"href":"https:\/\/conforto.vn\/index.php\/wp-json\/wp\/v2\/product_tag?post=2492"}],"curies":[{"name":"wp","href":"https:\/\/api.w.org\/{rel}","templated":true}]}}