{"id":2529,"date":"2026-05-11T08:39:48","date_gmt":"2026-05-11T08:39:48","guid":{"rendered":"https:\/\/conforto.vn\/?post_type=product&#038;p=2529"},"modified":"2026-05-11T08:39:52","modified_gmt":"2026-05-11T08:39:52","slug":"may-bom-tu-moi-elanta-npm-13","status":"publish","type":"product","link":"https:\/\/conforto.vn\/index.php\/san-pham\/may-bom-tu-moi-elanta-npm-13\/","title":{"rendered":"M\u00e1y b\u01a1m t\u1ef1 m\u1ed3i Elanta NPM 13"},"content":{"rendered":"<p><strong>M\u00e1y b\u01a1m t\u1ef1 m\u1ed3i Elanta NPM13<\/strong><\/p>\n<p><strong>S\u1eec D\u1ee4NG:<\/strong>\u00a0Nh\u1eefng l\u1ee3i th\u1ebf \u0111\u01b0\u1ee3c t\u00ecm th\u1ea5y trong m\u00f4 h\u00ecnh n\u00e0y l\u00e0 n\u0103ng su\u1ea5t th\u1ee7y l\u1ef1c tuy\u1ec7t v\u1eddi, kh\u1ea3 n\u0103ng h\u00fat v\u00e0 \u00e1p su\u1ea5t v\u01b0\u1ee3t tr\u1ed9i v\u00e0 \u0111\u1ed9 im l\u1eb7ng t\u1ed1t.\u00a0Ch\u00fang t\u00f4i khuy\u00ean b\u1ea1n n\u00ean s\u1eed d\u1ee5ng ch\u1ea5t l\u1ecfng l\u00e0m s\u1ea1ch h\u00f3a h\u1ecdc v\u00e0 c\u01a1 h\u1ecdc v\u1edbi nhi\u1ec7t \u0111\u1ed9 kh\u00f4ng cao h\u01a1n nhi\u1ec7t \u0111\u1ed9 m\u00f4i tr\u01b0\u1eddng.<\/p>\n<p><strong>B\u01a0M: B\u01a1m<\/strong>\u00a0monobloc tr\u1ee5c ngang v\u1edbi b\u00e1nh c\u00f4ng t\u00e1c b\u1eb1ng \u0111\u1ed3ng, th\u00e2n b\u01a1m v\u00e0 gi\u00e1 \u0111\u1ee1 b\u1eb1ng gang G20, \u1ed1ng ventory Noryl v\u1edbi 20% th\u1ee7y tinh fi ber, tr\u1ee5c th\u00e9p kh\u00f4ng g\u1ec9 AISI 416 v\u00e0 con d\u1ea5u c\u01a1 \/ g\u1ed1m.<\/p>\n<p><strong>\u0110\u1ed8NG C\u01a0:<\/strong>\u00a0Lo\u1ea1i k\u00edn \u0111i\u1ec7n c\u00f3 th\u00f4ng gi\u00f3 b\u00ean ngo\u00e0i, \u0111\u1ed9 b\u1ea3o v\u1ec7 IP 44. L\u1edbp c\u00e1ch \u0111i\u1ec7n F. Trong \u0111\u1ed9ng c\u01a1 m\u1ed9t pha, m\u1ed9t b\u1ed9 \u0111i\u1ec1u nhi\u1ec7t vi m\u00f4 \u0111\u01b0\u1ee3c l\u1eafp v\u00e0o \u0111\u1ec3 tr\u00e1nh h\u01b0 h\u1ecfng trong tr\u01b0\u1eddng h\u1ee3p qu\u00e1 nhi\u1ec7t.\u00a0Ng\u01b0\u1eddi s\u1eed d\u1ee5ng ch\u1ecbu tr\u00e1ch nhi\u1ec7m cho \u0111\u1ed9ng c\u01a1 ba pha.<\/p>\n<p><strong>\u0110I\u1ec6N \u00c1P:<\/strong>\u00a0NPM: 230-240 V. 50 Hz;\u00a0NP: 230\/400 V. 50 Hz. C\u00e1c \u0111i\u1ec7n \u00e1p v\u00e0 t\u1ea7n s\u1ed1 kh\u00e1c nhau c\u00f3 s\u1eb5n theo y\u00eau c\u1ea7u.<\/p>\n<p><strong>\u1ee8NG D\u1ee4NG:<\/strong>\u00a0Tr\u00f2 ch\u01a1i trong n\u01b0\u1edbc, th\u1ee7y l\u1ee3i, n\u01b0\u1edbc<\/p>\n<p><a href=\"https:\/\/conforto.vn\/wp-content\/uploads\/2019\/09\/NPM1_1-Catalogy-1.pdf\" target=\"_blank\" rel=\"noopener noreferrer\">T\u1ea3i v\u1ec1 NPM1_1-Catalog\u1ee5e<\/a><\/p>\n<p><img fetchpriority=\"high\" decoding=\"async\" class=\"alignnone wp-image-1200\" src=\"https:\/\/conforto.vn\/wp-content\/uploads\/2019\/09\/8-2-800x246.jpg\" alt=\"\" width=\"872\" height=\"268\" \/><\/p>\n","protected":false},"excerpt":{"rendered":"<ul>\n<li>Model : NPM3<\/li>\n<li>C\u00f4ng su\u1ea5t : 3HP &#8211; 2,2kW<\/li>\n<li>\u0110i\u1ec7n \u00e1p :220v\/1P &#8211; 50Hz<\/li>\n<li>L\u01b0u l\u01b0\u1ee3ng :<span style=\"font-size: 14.4px\">0,6<\/span>-9,6m3\/h<\/li>\n<li>C\u1ed9t \u00e1p :54-27Hm<\/li>\n<li>Xu\u1ea5t x\u1ee9 : Italya<\/li>\n<\/ul>\n","protected":false},"featured_media":2550,"comment_status":"open","ping_status":"closed","template":"","meta":[],"product_brand":[],"product_cat":[138],"product_tag":[30,139,140,175],"class_list":{"0":"post-2529","1":"product","2":"type-product","3":"status-publish","4":"has-post-thumbnail","6":"product_cat-may-bom-tu-moi","7":"product_tag-may-bom","8":"product_tag-may-bom-tu-moi","9":"product_tag-may-bom-tu-moi-elanta","10":"product_tag-may-bom-tu-moi-elanta-npm-13","12":"first","13":"instock","14":"shipping-taxable","15":"product-type-simple"},"_links":{"self":[{"href":"https:\/\/conforto.vn\/index.php\/wp-json\/wp\/v2\/product\/2529","targetHints":{"allow":["GET"]}}],"collection":[{"href":"https:\/\/conforto.vn\/index.php\/wp-json\/wp\/v2\/product"}],"about":[{"href":"https:\/\/conforto.vn\/index.php\/wp-json\/wp\/v2\/types\/product"}],"replies":[{"embeddable":true,"href":"https:\/\/conforto.vn\/index.php\/wp-json\/wp\/v2\/comments?post=2529"}],"wp:featuredmedia":[{"embeddable":true,"href":"https:\/\/conforto.vn\/index.php\/wp-json\/wp\/v2\/media\/2550"}],"wp:attachment":[{"href":"https:\/\/conforto.vn\/index.php\/wp-json\/wp\/v2\/media?parent=2529"}],"wp:term":[{"taxonomy":"product_brand","embeddable":true,"href":"https:\/\/conforto.vn\/index.php\/wp-json\/wp\/v2\/product_brand?post=2529"},{"taxonomy":"product_cat","embeddable":true,"href":"https:\/\/conforto.vn\/index.php\/wp-json\/wp\/v2\/product_cat?post=2529"},{"taxonomy":"product_tag","embeddable":true,"href":"https:\/\/conforto.vn\/index.php\/wp-json\/wp\/v2\/product_tag?post=2529"}],"curies":[{"name":"wp","href":"https:\/\/api.w.org\/{rel}","templated":true}]}}