{"id":2617,"date":"2026-05-11T08:39:59","date_gmt":"2026-05-11T08:39:59","guid":{"rendered":"https:\/\/conforto.vn\/?post_type=product&#038;p=2617"},"modified":"2026-05-11T08:40:03","modified_gmt":"2026-05-11T08:40:03","slug":"may-bom-luu-luong-lon-elanta-sam-1","status":"publish","type":"product","link":"https:\/\/conforto.vn\/index.php\/san-pham\/may-bom-luu-luong-lon-elanta-sam-1\/","title":{"rendered":"M\u00e1y b\u01a1m l\u01b0u l\u01b0\u1ee3ng l\u1edbn Elanta SAM 1"},"content":{"rendered":"<p><strong>M\u00e1y b\u01a1m l\u01b0u l\u01b0\u1ee3ng l\u1edbn Elanta SAM 1<\/strong><\/p>\n<p><strong><span>S\u1eec D\u1ee4NG:<\/span><\/strong><span>\u00a0B\u01a1m \u0111i\u1ec7n c\u00e1nh qu\u1ea1t m\u1edf v\u1edbi \u0111\u1ea7u h\u00fat h\u01b0\u1edbng tr\u1ee5c v\u00e0 c\u1ed5ng ph\u00e2n ph\u1ed1i h\u01b0\u1edbng t\u00e2m h\u01b0\u1edbng l\u00ean tr\u00ean.\u00a0\u0110\u00e2y l\u00e0 nh\u1eefng m\u00e1y b\u01a1m \u0111i\u1ec7n c\u00f3 t\u1ed1c \u0111\u1ed9 d\u00f2ng ch\u1ea3y cao v\u1edbi gi\u00e1 tr\u1ecb ph\u1ed5 bi\u1ebfn trung b\u00ecnh th\u1ea5p.\u00a0Ch\u00fang th\u00edch h\u1ee3p cho vi\u1ec7c thu h\u1ed3i n\u01b0\u1edbc b\u1ea9n, v\u1edbi nhi\u1ec7t \u0111\u1ed9 kh\u00f4ng qu\u00e1 80 \u00b0 C, v\u00e0 b\u00e1nh c\u00f4ng t\u00e1c m\u1edf cho ph\u00e9p \u0111i qua b\u1ea5t k\u1ef3 v\u1eadt r\u1eafn n\u00e0o l\u00ean \u0111\u1ebfn 8 mm.<\/span><\/p>\n<p><strong><span>B\u01a0M: B\u01a1m<\/span><\/strong><span>\u00a0tr\u1ee5c ngang c\u00f3 b\u00e1nh c\u00f4ng t\u00e1c b\u1eb1ng \u0111\u1ed3ng (s\u00ea-ri SAM \/ SA 1C-1-2) ho\u1eb7c b\u00e1nh c\u00f4ng t\u00e1c b\u1eb1ng gang (s\u00ea-ri SAM \/ SA 1 \/ A -2 \/ A), th\u00e2n b\u01a1m v\u00e0 gi\u00e1 \u0111\u1ee1 b\u1eb1ng gang G20, tr\u1ee5c th\u00e9p INOX AISI 416 v\u00e0 con d\u1ea5u c\u01a1 h\u1ecdc b\u1eb1ng g\u1ed1m \/ than ch\u00ec.<\/span><\/p>\n<p><strong><span>\u0110\u1ed8NG C\u01a0:<\/span><\/strong><span>\u00a0Lo\u1ea1i k\u00edn \u0111i\u1ec7n c\u00f3 th\u00f4ng gi\u00f3 b\u00ean ngo\u00e0i, \u0111\u1ed9 b\u1ea3o v\u1ec7 IP 44. L\u1edbp c\u00e1ch \u0111i\u1ec7n F. Trong \u0111\u1ed9ng c\u01a1 m\u1ed9t pha, m\u1ed9t b\u1ed9 \u0111i\u1ec1u nhi\u1ec7t vi m\u00f4 \u0111\u01b0\u1ee3c l\u1eafp v\u00e0o \u0111\u1ec3 tr\u00e1nh h\u01b0 h\u1ecfng trong tr\u01b0\u1eddng h\u1ee3p qu\u00e1 nhi\u1ec7t.\u00a0Ng\u01b0\u1eddi s\u1eed d\u1ee5ng ch\u1ecbu tr\u00e1ch nhi\u1ec7m cho \u0111\u1ed9ng c\u01a1 ba pha.<\/span><\/p>\n<p><strong><span>\u0110I\u1ec6N \u00c1P:<\/span><\/strong><span>\u00a0SAM: 230-240 V. 50 Hz;\u00a0SA: 230\/400 V. 50 Hz. C\u00e1c \u0111i\u1ec7n \u00e1p v\u00e0 t\u1ea7n s\u1ed1 kh\u00e1c nhau c\u00f3 s\u1eb5n theo y\u00eau c\u1ea7u.<\/span><\/p>\n<p><strong><span>\u1ee8NG D\u1ee4NG:<\/span><\/strong><span>\u00a0Th\u1ee7y l\u1ee3i, N\u00f4ng nghi\u1ec7p, C\u00f4ng nghi\u1ec7p<\/span><\/p>\n<p><strong><a href=\"https:\/\/conforto.vn\/wp-content\/uploads\/2019\/09\/SAM0_55-Catalogy.pdf\" target=\"_blank\" rel=\"noopener noreferrer\">T\u1ea3i v\u1ec1 SAM0_55-Catalogy<\/a><\/strong><\/p>\n<p><img fetchpriority=\"high\" decoding=\"async\" class=\"alignnone size-medium wp-image-1579\" src=\"https:\/\/conforto.vn\/wp-content\/uploads\/2019\/09\/GRAPH_SAM_055_075-794x400.jpg\" alt=\"GRAPH-SAM-055-075\" width=\"794\" height=\"400\" \/><\/p>\n","protected":false},"excerpt":{"rendered":"<ul>\n<li>Model : SAM 1<\/li>\n<li>C\u00f4ng su\u1ea5t : 0,75HP &#8211; 0,55kW<\/li>\n<li>Ngu\u1ed3n \u0111i\u1ec7n : 220v\/1P &#8211; 50Hz<\/li>\n<li>L\u01b0u l\u01b0\u1ee3ng : 2,4 &#8211; 14,4 m3\/h<\/li>\n<li>C\u1ed9t \u00e1p : 15,3 &#8211; 6,6 Hm<\/li>\n<li>Xu\u1ea5t x\u1ee9 : Italya<\/li>\n<li>B\u1ea3o h\u00e0nh : 12 th\u00e1ng<\/li>\n<\/ul>\n","protected":false},"featured_media":2623,"comment_status":"open","ping_status":"closed","template":"","meta":[],"product_brand":[],"product_cat":[286],"product_tag":[30,287,288,289,291],"class_list":{"0":"post-2617","1":"product","2":"type-product","3":"status-publish","4":"has-post-thumbnail","6":"product_cat-may-bom-luu-luong-lon","7":"product_tag-may-bom","8":"product_tag-may-bom-luu-luong-lon","9":"product_tag-may-bom-luu-luong-lon-elanta","10":"product_tag-may-bom-luu-luong-lon-elanta-sam","11":"product_tag-may-bom-luu-luong-lon-elanta-sam-1","13":"first","14":"instock","15":"shipping-taxable","16":"product-type-simple"},"_links":{"self":[{"href":"https:\/\/conforto.vn\/index.php\/wp-json\/wp\/v2\/product\/2617","targetHints":{"allow":["GET"]}}],"collection":[{"href":"https:\/\/conforto.vn\/index.php\/wp-json\/wp\/v2\/product"}],"about":[{"href":"https:\/\/conforto.vn\/index.php\/wp-json\/wp\/v2\/types\/product"}],"replies":[{"embeddable":true,"href":"https:\/\/conforto.vn\/index.php\/wp-json\/wp\/v2\/comments?post=2617"}],"wp:featuredmedia":[{"embeddable":true,"href":"https:\/\/conforto.vn\/index.php\/wp-json\/wp\/v2\/media\/2623"}],"wp:attachment":[{"href":"https:\/\/conforto.vn\/index.php\/wp-json\/wp\/v2\/media?parent=2617"}],"wp:term":[{"taxonomy":"product_brand","embeddable":true,"href":"https:\/\/conforto.vn\/index.php\/wp-json\/wp\/v2\/product_brand?post=2617"},{"taxonomy":"product_cat","embeddable":true,"href":"https:\/\/conforto.vn\/index.php\/wp-json\/wp\/v2\/product_cat?post=2617"},{"taxonomy":"product_tag","embeddable":true,"href":"https:\/\/conforto.vn\/index.php\/wp-json\/wp\/v2\/product_tag?post=2617"}],"curies":[{"name":"wp","href":"https:\/\/api.w.org\/{rel}","templated":true}]}}