{"id":2643,"date":"2026-05-11T08:40:04","date_gmt":"2026-05-11T08:40:04","guid":{"rendered":"https:\/\/conforto.vn\/?post_type=product&#038;p=2643"},"modified":"2026-05-11T08:40:07","modified_gmt":"2026-05-11T08:40:07","slug":"may-bom-da-tang-canh-elanta-mc-60-3-m","status":"publish","type":"product","link":"https:\/\/conforto.vn\/index.php\/san-pham\/may-bom-da-tang-canh-elanta-mc-60-3-m\/","title":{"rendered":"M\u00e1y b\u01a1m \u0111a t\u1ea7ng c\u00e1nh Elanta MC 60\/3 M"},"content":{"rendered":"<p><strong>M\u00e1y b\u01a1m \u0111a t\u1ea7ng c\u00e1nh Elanta MC 60\/3 M<\/strong><\/p>\n<p><strong><span>S\u1eec D\u1ee4NG:<\/span><\/strong><span>\u00a0B\u01a1m \u0111i\u1ec7n \u0111a b\u00e0o n\u1eb1m ngang v\u1edbi hi\u1ec7u su\u1ea5t th\u1ee7y l\u1ef1c tuy\u1ec7t v\u1eddi v\u00e0 \u0111\u1ed9 \u1ed3n th\u1ea5p.\u00a0Ch\u00fang th\u00edch h\u1ee3p cho s\u1eed d\u1ee5ng d\u00e2n d\u1ee5ng v\u00e0 c\u00f4ng nghi\u1ec7p, trong c\u00e1c h\u1ec7 th\u1ed1ng t\u01b0\u1edbi ti\u00eau, cho n\u1ed3i h\u1ea5p v\u00e0 tr\u1ea1m r\u1eeda.\u00a0N\u00ean s\u1eed d\u1ee5ng ch\u1ea5t l\u1ecfng l\u00e0m s\u1ea1ch h\u00f3a h\u1ecdc v\u00e0 c\u01a1 h\u1ecdc v\u1edbi nhi\u1ec7t \u0111\u1ed9 kh\u00f4ng qu\u00e1 40 \u00b0 C.<\/span><\/p>\n<p><strong><span>B\u01a0M:<\/span><\/strong><span>\u00a0Th\u00e2n b\u01a1m v\u00e0 m\u1eb7t b\u00edch h\u00fat b\u1eb1ng gang G20, \u00e1o kho\u00e1c ngo\u00e0i v\u00e0 tr\u1ee5c b\u1eb1ng th\u00e9p kh\u00f4ng g\u1ec9, b\u1ed9 khu\u1ebfch t\u00e1n v\u00e0 c\u00e1nh qu\u1ea1t trong Noryl v\u00e0 ph\u1edbt c\u01a1 kh\u00ed b\u1eb1ng g\u1ed1m \/ than ch\u00ec.<\/span><\/p>\n<p><strong><span>\u0110\u1ed8NG C\u01a0:<\/span><\/strong><span>\u00a0Lo\u1ea1i k\u00edn \u0111i\u1ec7n c\u00f3 th\u00f4ng gi\u00f3 b\u00ean ngo\u00e0i, \u0111\u1ed9 b\u1ea3o v\u1ec7 IP 44. L\u1edbp c\u00e1ch \u0111i\u1ec7n F. Trong \u0111\u1ed9ng c\u01a1 m\u1ed9t pha, m\u1ed9t b\u1ed9 \u0111i\u1ec1u nhi\u1ec7t vi m\u00f4 \u0111\u01b0\u1ee3c l\u1eafp v\u00e0o \u0111\u1ec3 tr\u00e1nh h\u01b0 h\u1ecfng trong tr\u01b0\u1eddng h\u1ee3p qu\u00e1 nhi\u1ec7t.\u00a0Ng\u01b0\u1eddi s\u1eed d\u1ee5ng ch\u1ecbu tr\u00e1ch nhi\u1ec7m cho \u0111\u1ed9ng c\u01a1 ba pha.<\/span><\/p>\n<p><strong><span>\u0110I\u1ec6N \u00c1P:<\/span><\/strong><span>\u00a0M: 230-240 V. 50 Hz;\u00a0T: 230\/400 V. 50 Hz. C\u00e1c \u0111i\u1ec7n \u00e1p v\u00e0 t\u1ea7n s\u1ed1 kh\u00e1c nhau c\u00f3 s\u1eb5n theo y\u00eau c\u1ea7u.<\/span><\/p>\n<p><strong><span>\u1ee8NG D\u1ee4NG:<\/span><\/strong><span>\u00a0Trong n\u01b0\u1edbc, th\u1ee7y l\u1ee3i, c\u00f4ng nghi\u1ec7p<\/span><\/p>\n<p><strong><a href=\"https:\/\/conforto.vn\/wp-content\/uploads\/2019\/09\/MC-Catalogy.pdf\" target=\"_blank\" rel=\"noopener noreferrer\">T\u1ea3i v\u1ec1 MC-Catalogy<\/a><\/strong><\/p>\n<p><img fetchpriority=\"high\" decoding=\"async\" class=\"alignnone size-medium wp-image-1648\" src=\"https:\/\/conforto.vn\/wp-content\/uploads\/2019\/09\/GRAPH_MC-1-710x400.jpg\" alt=\"GRAPH-MC\" width=\"710\" height=\"400\" \/><\/p>\n<p>&nbsp;<\/p>\n","protected":false},"excerpt":{"rendered":"<ul>\n<li>Model : MC 60\/3 M<\/li>\n<li>C\u00f4ng su\u1ea5t : 0,6HP &#8211; 0,44kW<\/li>\n<li>Ngu\u1ed3n \u0111i\u1ec7n : 220v\/1P &#8211; 50Hz<\/li>\n<li>L\u01b0u l\u01b0\u1ee3ng : 1,2 &#8211; 4,2 m3\/h<\/li>\n<li>C\u1ed9t \u00e1p : 26 &#8211; 4 Hm<\/li>\n<li>Xu\u1ea5t x\u1ee9 : Italya<\/li>\n<li>B\u1ea3o h\u00e0nh : 12 th\u00e1ng<\/li>\n<\/ul>\n","protected":false},"featured_media":2655,"comment_status":"open","ping_status":"closed","template":"","meta":[],"product_brand":[],"product_cat":[312],"product_tag":[30,313,314,315,316],"class_list":{"0":"post-2643","1":"product","2":"type-product","3":"status-publish","4":"has-post-thumbnail","6":"product_cat-may-bom-truc-ngang-da-tang","7":"product_tag-may-bom","8":"product_tag-may-bom-da-tang-canh","9":"product_tag-may-bom-da-tang-canh-elanta","10":"product_tag-may-bom-da-tang-canh-elanta-mc","11":"product_tag-may-bom-da-tang-canh-elanta-mc-60-3-m","13":"first","14":"instock","15":"shipping-taxable","16":"product-type-simple"},"_links":{"self":[{"href":"https:\/\/conforto.vn\/index.php\/wp-json\/wp\/v2\/product\/2643","targetHints":{"allow":["GET"]}}],"collection":[{"href":"https:\/\/conforto.vn\/index.php\/wp-json\/wp\/v2\/product"}],"about":[{"href":"https:\/\/conforto.vn\/index.php\/wp-json\/wp\/v2\/types\/product"}],"replies":[{"embeddable":true,"href":"https:\/\/conforto.vn\/index.php\/wp-json\/wp\/v2\/comments?post=2643"}],"wp:featuredmedia":[{"embeddable":true,"href":"https:\/\/conforto.vn\/index.php\/wp-json\/wp\/v2\/media\/2655"}],"wp:attachment":[{"href":"https:\/\/conforto.vn\/index.php\/wp-json\/wp\/v2\/media?parent=2643"}],"wp:term":[{"taxonomy":"product_brand","embeddable":true,"href":"https:\/\/conforto.vn\/index.php\/wp-json\/wp\/v2\/product_brand?post=2643"},{"taxonomy":"product_cat","embeddable":true,"href":"https:\/\/conforto.vn\/index.php\/wp-json\/wp\/v2\/product_cat?post=2643"},{"taxonomy":"product_tag","embeddable":true,"href":"https:\/\/conforto.vn\/index.php\/wp-json\/wp\/v2\/product_tag?post=2643"}],"curies":[{"name":"wp","href":"https:\/\/api.w.org\/{rel}","templated":true}]}}