{"id":2770,"date":"2026-05-11T08:40:20","date_gmt":"2026-05-11T08:40:20","guid":{"rendered":"https:\/\/conforto.vn\/?post_type=product&#038;p=2770"},"modified":"2026-05-11T08:40:22","modified_gmt":"2026-05-11T08:40:22","slug":"may-bom-chim-gieng-khoan-elanta-sp-0542-4x","status":"publish","type":"product","link":"https:\/\/conforto.vn\/index.php\/san-pham\/may-bom-chim-gieng-khoan-elanta-sp-0542-4x\/","title":{"rendered":"M\u00e1y b\u01a1m ch\u00ecm gi\u1ebfng khoan Elanta SP 0542 4X"},"content":{"rendered":"<p><strong>M\u00e1y b\u01a1m ch\u00ecm gi\u1ebfng khoan Elanta SP 0542 4X<\/strong><\/p>\n<p><strong><span>T\u00cdNH N\u0102NG CH\u00cdNH:<\/span><\/strong><\/p>\n<ul>\n<li><span>Kh\u00f4ng g\u00e2y \u00f4 nhi\u1ec5m, ch\u1ed1ng \u0103n m\u00f2n, \u0111\u01b0\u1ee3c ch\u1ebf t\u1ea1o ho\u00e0n to\u00e0n b\u1eb1ng th\u00e9p kh\u00f4ng g\u1ec9 AISI 304 (c\u1ea3 b\u00ean trong v\u00e0 b\u00ean ngo\u00e0i).<\/span><\/li>\n<li><span>Van ki\u1ec3m tra, \u0111\u01b0\u1ee3c l\u00e0m b\u1eb1ng th\u00e9p kh\u00f4ng g\u1ec9, ng\u0103n d\u00f2ng ch\u1ea3y trong \u0111\u01b0\u1eddng \u1ed1ng \u0111\u1ea3o ng\u01b0\u1ee3c khi \u0111\u1ed9ng c\u01a1 kh\u00f4ng ch\u1ea1y, do \u0111\u00f3 b\u1ea3o v\u1ec7 m\u00e1y b\u01a1m.<\/span><\/li>\n<li><span>Bu\u1ed3ng trung gian, c\u0169ng b\u1eb1ng th\u00e9p kh\u00f4ng g\u1ec9, cho ph\u00e9p hi\u1ec7u su\u1ea5t v\u01b0\u1ee3t tr\u1ed9i ngay c\u1ea3 khi \u00e1p l\u1ef1c n\u01b0\u1edbc \u1edf m\u1ee9c t\u1ed1i \u0111a.<\/span><\/li>\n<li><span>M\u1ed9t trong nh\u1eefng t\u00ednh n\u0103ng ch\u00ednh c\u1ee7a s\u1ea3n ph\u1ea9m n\u00e0y l\u00e0 b\u00e1nh c\u00f4ng t\u00e1c b\u1eb1ng th\u00e9p kh\u00f4ng g\u1ec9 cho ph\u00e9p hi\u1ec7u su\u1ea5t tuy\u1ec7t v\u1eddi.\u00a0Ch\u1ea5t l\u01b0\u1ee3ng c\u1ee7a b\u00e1nh c\u00f4ng t\u00e1c n\u00e0y ho\u00e0n to\u00e0n kh\u00f4ng th\u1ec3 so s\u00e1nh v\u1edbi lo\u1ea1i th\u00f4ng th\u01b0\u1eddng b\u1eb1ng nh\u1ef1a ho\u1eb7c \u0111\u1ed3ng thau, kh\u00f4ng li\u00ean quan \u0111\u1ebfn kh\u1ea3 n\u0103ng ch\u1ed1ng m\u00e0i m\u00f2n, c\u0169ng nh\u01b0 trong th\u1eddi gian t\u01b0\u01a1ng t\u1ef1.\u00a0\u0110\u00f3 l\u00e0 trong th\u1ef1c t\u1ebf ch\u1ea5t l\u01b0\u1ee3ng v\u01b0\u1ee3t tr\u1ed9i r\u00f5 r\u00e0ng.<\/span><\/li>\n<\/ul>\n<p><strong><span>GI\u1edaI H\u1ea0N S\u1eec D\u1ee4NG:<\/span><\/strong><span>\u00a0Nhi\u1ec7t \u0111\u1ed9 ch\u1ea5t l\u1ecfng t\u1ed1i \u0111a: 30 \u00b0 C.\u00a0L\u01b0\u1ee3ng c\u00e1t t\u1ed1i \u0111a: 50 gr \/ m3.<\/span><\/p>\n<p><strong><span>B\u01a0M B\u01a0M:<\/span><\/strong><span>\u00a0L\u00e0m s\u1ea1ch, kh\u00f4ng ch\u1ee9a c\u00e1c ch\u1ea5t r\u1eafn ho\u1eb7c m\u00e0i m\u00f2n.<\/span><\/p>\n<p><strong><span>\u1ee8NG D\u1ee4NG:<\/span><\/strong><span>\u00a0C\u1ea5p n\u01b0\u1edbc t\u1eeb gi\u1ebfng s\u00e2u, h\u1ec7 th\u1ed1ng t\u01b0\u1edbi ti\u00eau, t\u01b0\u1edbi ti\u00eau n\u00f4ng nghi\u1ec7p, d\u00e2n d\u1ee5ng v\u00e0 c\u00f4ng nghi\u1ec7p, h\u1ec7 th\u1ed1ng ph\u00f2ng ch\u00e1y ch\u1eefa ch\u00e1y, tho\u00e1t n\u01b0\u1edbc.<\/span><\/p>\n<p><a href=\"https:\/\/conforto.vn\/wp-content\/uploads\/2019\/10\/SP-Catalogue.pdf\">T\u1ea3i v\u1ec1 SP &#8211; Catalogue<\/a><\/p>\n<p><img fetchpriority=\"high\" decoding=\"async\" class=\"alignnone size-medium wp-image-2256\" src=\"https:\/\/conforto.vn\/wp-content\/uploads\/2019\/10\/SP-05-504x400.png\" alt=\"SP 05\" width=\"504\" height=\"400\" \/><\/p>\n","protected":false},"excerpt":{"rendered":"<ul>\n<li>Model : SP 0542 4X<\/li>\n<li>C\u00f4ng su\u1ea5t : 1,5HP &#8211; 1,1kW<\/li>\n<li>L\u01b0u l\u01b0\u1ee3ng : 0,3 &#8211; 1,5 m3\/h<\/li>\n<li>C\u1ed9t \u00e1p : 231 &#8211; 62 Hm<\/li>\n<li>Xu\u1ea5t x\u1ee9 : Italya<\/li>\n<li>B\u1ea3o h\u00e0nh : 12 th\u00e1ng<\/li>\n<\/ul>\n","protected":false},"featured_media":2783,"comment_status":"open","ping_status":"closed","template":"","meta":[],"product_brand":[],"product_cat":[362],"product_tag":[30,387,388,450,457],"class_list":{"0":"post-2770","1":"product","2":"type-product","3":"status-publish","4":"has-post-thumbnail","6":"product_cat-bom-gieng-khoan","7":"product_tag-may-bom","8":"product_tag-may-bom-chim-gieng-khoan","9":"product_tag-may-bom-chim-gieng-khoan-elanta","10":"product_tag-may-bom-chim-gieng-khoan-elanta-sp","11":"product_tag-may-bom-chim-gieng-khoan-elanta-sp-0542-4x","13":"first","14":"instock","15":"shipping-taxable","16":"product-type-simple"},"_links":{"self":[{"href":"https:\/\/conforto.vn\/index.php\/wp-json\/wp\/v2\/product\/2770","targetHints":{"allow":["GET"]}}],"collection":[{"href":"https:\/\/conforto.vn\/index.php\/wp-json\/wp\/v2\/product"}],"about":[{"href":"https:\/\/conforto.vn\/index.php\/wp-json\/wp\/v2\/types\/product"}],"replies":[{"embeddable":true,"href":"https:\/\/conforto.vn\/index.php\/wp-json\/wp\/v2\/comments?post=2770"}],"wp:featuredmedia":[{"embeddable":true,"href":"https:\/\/conforto.vn\/index.php\/wp-json\/wp\/v2\/media\/2783"}],"wp:attachment":[{"href":"https:\/\/conforto.vn\/index.php\/wp-json\/wp\/v2\/media?parent=2770"}],"wp:term":[{"taxonomy":"product_brand","embeddable":true,"href":"https:\/\/conforto.vn\/index.php\/wp-json\/wp\/v2\/product_brand?post=2770"},{"taxonomy":"product_cat","embeddable":true,"href":"https:\/\/conforto.vn\/index.php\/wp-json\/wp\/v2\/product_cat?post=2770"},{"taxonomy":"product_tag","embeddable":true,"href":"https:\/\/conforto.vn\/index.php\/wp-json\/wp\/v2\/product_tag?post=2770"}],"curies":[{"name":"wp","href":"https:\/\/api.w.org\/{rel}","templated":true}]}}