{"id":2805,"date":"2026-05-11T08:40:23","date_gmt":"2026-05-11T08:40:23","guid":{"rendered":"https:\/\/conforto.vn\/?post_type=product&#038;p=2805"},"modified":"2026-05-11T08:40:25","modified_gmt":"2026-05-11T08:40:25","slug":"bom-gieng-khoan-elanta-sp-4012-4x","status":"publish","type":"product","link":"https:\/\/conforto.vn\/index.php\/san-pham\/bom-gieng-khoan-elanta-sp-4012-4x\/","title":{"rendered":"B\u01a1m gi\u1ebfng khoan Elanta SP 4012 4X"},"content":{"rendered":"<h3><strong>M\u00e1y b\u01a1m gi\u1ebfng khoan Elanta SP 4012 4X<\/strong><\/h3>\n<p><strong>M\u00e1y b\u01a1m gi\u1ebfng khoan <a href=\"https:\/\/elanta.vn\/\">Elanta<\/a> SP 4012 4X<\/strong>\u00a0l\u00e0 lo\u1ea1i m\u00e1y b\u01a1m \u0111\u01b0\u1ee3c \u0111\u1eb7t ch\u00ecm trong gi\u1ebfng. L\u00e0 d\u00f2ng s\u1ea3n ph\u1ea9m c\u00f3 nhi\u1ec1u t\u1ea7ng c\u00e1nh v\u00e0 ho\u1ea1t \u0111\u1ed9ng theo nguy\u00ean t\u1eafc ly t\u00e2m \u0111\u1ea9y n\u01b0\u1edbc l\u00ean cao. M\u00e1y b\u01a1m ch\u00ecm gi\u1ebfng khoan l\u00e0 lo\u1ea1i m\u00e1y b\u01a1m c\u00f3 l\u01b0u l\u01b0\u1ee3ng v\u00e0 c\u1ed9t \u00e1p t\u01b0\u01a1ng \u0111\u1ed1i l\u1edbn. V\u00ec th\u1ebf m\u00e0 ch\u00fang ta th\u01b0\u1eddng s\u1eed d\u1ee5ng m\u00e1y b\u01a1m n\u00e0y cho c\u00e1c gi\u1ebfng khoan c\u00f4ng nghi\u1ec7p c\u1ee1 l\u1edbn. \u0110\u1ec3 c\u00f3 th\u1ec3 h\u00fat n\u01b0\u1edbc v\u00e0 c\u1ea5p n\u01b0\u1edbc sinh ho\u1ea1t v\u1edbi kh\u1ed1i l\u01b0\u1ee3ng l\u1edbn trong th\u1eddi gian ng\u1eafn.<\/p>\n<p>M\u00e1y b\u01a1m ch\u00ecm gi\u1ebfng khoan c\u00f3 c\u1ea5u t\u1ea1o d\u1ea1ng tr\u1ee5c th\u1eb3ng \u0111\u1ee9ng, c\u00f3 m\u1ed9t \u0111\u1ea7u h\u01a1i nh\u1ecdn h\u01b0\u1edbng l\u00ean tr\u00ean. Ch\u00ednh v\u00ec th\u1ebf n\u00f3 \u0111\u01b0\u1ee3c g\u1ecdi l\u00e0 m\u00e1y b\u01a1m h\u1ecfa ti\u1ec5n. S\u1ea3n ph\u1ea9m c\u00f3 c\u1ea5u t\u1ea1o nh\u1ecf g\u1ecdn, tr\u1ecdng l\u01b0\u1ee3ng nh\u1eb9. N\u00ean qu\u00e1 tr\u00ecnh l\u1eafp \u0111\u1eb7t, di chuy\u1ec3n m\u00e1y t\u1eeb n\u01a1i n\u00e0y \u0111\u1ebfn n\u01a1i kh\u00e1c s\u1ebd d\u1ec5 d\u00e0ng. H\u1ea7u nh\u01b0 lo\u1ea1i m\u00e1y b\u01a1m \u0111\u1eb7t ch\u00ecm n\u00e0o c\u0169ng c\u00f3 b\u1ed9 ph\u1eadn l\u00e0m m\u00e1t b\u1eb1ng m\u00f4i tr\u01b0\u1eddng l\u00e0m vi\u1ec7c. M\u00e1y b\u01a1m h\u1ecfa ti\u1ec5n c\u0169ng nh\u01b0 v\u1eady, khi b\u01a1m ho\u1ea1t \u0111\u1ed9ng qu\u00e1 t\u1ea3i th\u00ec s\u1ebd \u0111\u01b0\u1ee3c n\u01b0\u1edbc l\u00e0m m\u00e1t ngay t\u1ee9c kh\u1eafc. V\u00ec v\u1eady m\u00e0 khi s\u1eed d\u1ee5ng m\u00e1y b\u01a1m c\u00e1c b\u1ea1n kh\u00f4ng ph\u1ea3i lo ngh\u0129 v\u1ec1 s\u1ea3n ph\u1ea9m ch\u1ea1y l\u00e2u, ch\u00e1y n\u1ed5.<\/p>\n<p>Tuy nhi\u00ean ch\u00fang ta ch\u1ec9 c\u00f3 th\u1ec3 s\u1eed d\u1ee5ng m\u00e1y b\u01a1m ch\u00ecm trong nh\u1eefng chi\u1ebfc gi\u1ebfng khoan c\u00f3 \u0111\u01b0\u1eddng k\u00ednh l\u1edbn h\u01a1n 90 mm. V\u00ec th\u1ebf khi b\u1ea1n s\u1eed d\u1ee5ng n\u01b0\u1edbc gi\u1ebfng khoan th\u00ec ph\u1ea3i t\u00ecm hi\u1ec3u k\u1ef9 c\u00e0ng tr\u01b0\u1edbc khi khoan gi\u1ebfng. \u0110\u1ec3 c\u00f3 th\u1ec3 mua \u0111\u01b0\u1ee3c 1 s\u1ea3n ph\u1ea9m ph\u00f9 h\u1ee3p v\u1edbi gi\u1ebfng nh\u00e0 m\u00ecnh.<\/p>\n<h4><strong>T\u00cdNH N\u0102NG CH\u00cdNH:<\/strong><\/h4>\n<ul>\n<li>Kh\u00f4ng g\u00e2y \u00f4 nhi\u1ec5m, ch\u1ed1ng \u0103n m\u00f2n, \u0111\u01b0\u1ee3c ch\u1ebf t\u1ea1o ho\u00e0n to\u00e0n b\u1eb1ng th\u00e9p kh\u00f4ng g\u1ec9 AISI 304 (c\u1ea3 b\u00ean trong v\u00e0 b\u00ean ngo\u00e0i).<\/li>\n<li>Van ki\u1ec3m tra, \u0111\u01b0\u1ee3c l\u00e0m b\u1eb1ng th\u00e9p kh\u00f4ng g\u1ec9, ng\u0103n ch\u1eb7n s\u1ef1 \u0111\u1ea3o ng\u01b0\u1ee3c c\u1ee7a d\u00f2ng ch\u1ea3y trong \u0111\u01b0\u1eddng \u1ed1ng khi \u0111\u1ed9ng c\u01a1 kh\u00f4ng ho\u1ea1t \u0111\u1ed9ng, do \u0111\u00f3 b\u1ea3o v\u1ec7 m\u00e1y b\u01a1m.<\/li>\n<li>Bu\u1ed3ng trung gian, c\u0169ng b\u1eb1ng th\u00e9p kh\u00f4ng g\u1ec9, cho ph\u00e9p hi\u1ec7u su\u1ea5t v\u01b0\u1ee3t tr\u1ed9i ngay c\u1ea3 khi \u00e1p l\u1ef1c n\u01b0\u1edbc \u1edf m\u1ee9c t\u1ed1i \u0111a.<\/li>\n<li>M\u1ed9t trong nh\u1eefng t\u00ednh n\u0103ng ch\u00ednh c\u1ee7a s\u1ea3n ph\u1ea9m n\u00e0y l\u00e0 b\u00e1nh c\u00f4ng t\u00e1c b\u1eb1ng th\u00e9p kh\u00f4ng g\u1ec9 cho ph\u00e9p hi\u1ec7u su\u1ea5t tuy\u1ec7t v\u1eddi. Ch\u1ea5t l\u01b0\u1ee3ng c\u1ee7a b\u00e1nh c\u00f4ng t\u00e1c n\u00e0y kh\u00f4ng th\u1ec3 so s\u00e1nh v\u1edbi lo\u1ea1i th\u00f4ng th\u01b0\u1eddng b\u1eb1ng nh\u1ef1a ho\u1eb7c \u0111\u1ed3ng thau. V\u00e0 kh\u00f4ng li\u00ean quan \u0111\u1ebfn kh\u1ea3 n\u0103ng ch\u1ed1ng m\u00e0i m\u00f2n, c\u0169ng nh\u01b0 trong th\u1eddi gian t\u01b0\u01a1ng t\u1ef1. \u0110\u00f3 l\u00e0 trong th\u1ef1c t\u1ebf ch\u1ea5t l\u01b0\u1ee3ng v\u01b0\u1ee3t tr\u1ed9i h\u01a1n r\u00f5 r\u00e0ng.<\/li>\n<\/ul>\n<h4><strong>GI\u1edaI H\u1ea0N S\u1eec D\u1ee4NG:\u00a0<\/strong><\/h4>\n<p><strong>Nhi\u1ec7t \u0111\u1ed9 ch\u1ea5t l\u1ecfng t\u1ed1i \u0111a: 30 \u00b0 C.\u00a0L\u01b0\u1ee3ng c\u00e1t t\u1ed1i \u0111a: 50 gr \/ m3.<\/strong><\/p>\n<h4><strong>B\u01a0M B\u01a0M:\u00a0<\/strong><\/h4>\n<p><strong>L\u00e0m s\u1ea1ch, kh\u00f4ng ch\u1ee9a c\u00e1c ch\u1ea5t r\u1eafn ho\u1eb7c m\u00e0i m\u00f2n.<\/strong><\/p>\n<h4><strong>\u1ee8NG D\u1ee4NG: <\/strong><\/h4>\n<p><strong>C\u1ea5p n\u01b0\u1edbc t\u1eeb gi\u1ebfng s\u00e2u, h\u1ec7 th\u1ed1ng t\u01b0\u1edbi ti\u00eau, t\u01b0\u1edbi ti\u00eau n\u00f4ng nghi\u1ec7p, d\u00e2n d\u1ee5ng. V\u00e0 c\u00f4ng nghi\u1ec7p, h\u1ec7 th\u1ed1ng ph\u00f2ng ch\u00e1y ch\u1eefa ch\u00e1y, tho\u00e1t n\u01b0\u1edbc.<\/strong><\/p>\n<p><a href=\"https:\/\/conforto.vn\/wp-content\/uploads\/2019\/10\/SP-Catalogue.pdf\">T\u1ea3i v\u1ec1 SP &#8211; Catalogue<\/a><\/p>\n<figure id=\"attachment_2415\" aria-describedby=\"caption-attachment-2415\" style=\"width: 519px\" class=\"wp-caption alignnone\"><img fetchpriority=\"high\" decoding=\"async\" class=\"size-medium wp-image-2415\" src=\"https:\/\/conforto.vn\/wp-content\/uploads\/2019\/10\/SP-40-519x400.png\" alt=\"SP-40\" width=\"519\" height=\"400\" \/><figcaption id=\"caption-attachment-2415\" class=\"wp-caption-text\">Elanta SP 40<\/figcaption><\/figure>\n","protected":false},"excerpt":{"rendered":"<ul>\n<li>Model : <span class=\"fontstyle0\">SP 4012 4X<\/span><\/li>\n<li>C\u00f4ng su\u1ea5t : 3HP &#8211; 2,2kW<\/li>\n<li>L\u01b0u l\u01b0\u1ee3ng : 2,4 &#8211; 10,8 m3\/h<\/li>\n<li>C\u1ed9t \u00e1p : 62 &#8211; 32 Hm<\/li>\n<li>Xu\u1ea5t x\u1ee9 : Italya<\/li>\n<li>B\u1ea3o h\u00e0nh : 12 th\u00e1ng<\/li>\n<\/ul>\n","protected":false},"featured_media":2783,"comment_status":"open","ping_status":"closed","template":"","meta":[],"product_brand":[],"product_cat":[362],"product_tag":[30,272,475,476,492],"class_list":{"0":"post-2805","1":"product","2":"type-product","3":"status-publish","4":"has-post-thumbnail","6":"product_cat-bom-gieng-khoan","7":"product_tag-may-bom","8":"product_tag-may-bom-gieng-khoan","9":"product_tag-may-bom-gieng-khoan-elanta","10":"product_tag-may-bom-gieng-khoan-elanta-sp","11":"product_tag-may-bom-gieng-khoan-elanta-sp-4012-4x","13":"first","14":"instock","15":"shipping-taxable","16":"product-type-simple"},"_links":{"self":[{"href":"https:\/\/conforto.vn\/index.php\/wp-json\/wp\/v2\/product\/2805","targetHints":{"allow":["GET"]}}],"collection":[{"href":"https:\/\/conforto.vn\/index.php\/wp-json\/wp\/v2\/product"}],"about":[{"href":"https:\/\/conforto.vn\/index.php\/wp-json\/wp\/v2\/types\/product"}],"replies":[{"embeddable":true,"href":"https:\/\/conforto.vn\/index.php\/wp-json\/wp\/v2\/comments?post=2805"}],"wp:featuredmedia":[{"embeddable":true,"href":"https:\/\/conforto.vn\/index.php\/wp-json\/wp\/v2\/media\/2783"}],"wp:attachment":[{"href":"https:\/\/conforto.vn\/index.php\/wp-json\/wp\/v2\/media?parent=2805"}],"wp:term":[{"taxonomy":"product_brand","embeddable":true,"href":"https:\/\/conforto.vn\/index.php\/wp-json\/wp\/v2\/product_brand?post=2805"},{"taxonomy":"product_cat","embeddable":true,"href":"https:\/\/conforto.vn\/index.php\/wp-json\/wp\/v2\/product_cat?post=2805"},{"taxonomy":"product_tag","embeddable":true,"href":"https:\/\/conforto.vn\/index.php\/wp-json\/wp\/v2\/product_tag?post=2805"}],"curies":[{"name":"wp","href":"https:\/\/api.w.org\/{rel}","templated":true}]}}