{"id":2819,"date":"2026-05-11T08:40:26","date_gmt":"2026-05-11T08:40:26","guid":{"rendered":"https:\/\/conforto.vn\/?post_type=product&#038;p=2819"},"modified":"2026-05-11T08:40:27","modified_gmt":"2026-05-11T08:40:27","slug":"bom-gieng-khoan-elanta-dp4-e15-12","status":"publish","type":"product","link":"https:\/\/conforto.vn\/index.php\/san-pham\/bom-gieng-khoan-elanta-dp4-e15-12\/","title":{"rendered":"B\u01a1m gi\u1ebfng khoan Elanta DP4 E15\/12"},"content":{"rendered":"<h3><strong>M\u00e1y b\u01a1m gi\u1ebfng khoan Elanta DP4 E15\/12<\/strong><\/h3>\n<h4><strong>T\u00cdNH N\u0102NG CH\u00cdNH:<\/strong><\/h4>\n<p><strong>M\u00e1y b\u01a1m gi\u1ebfng khoan Elanta DP4 E15\/12<\/strong>\u00a0l\u00e0 m\u00e1y b\u01a1m ch\u00ecm 4 d\u00f2ng DP \u0111\u01b0\u1ee3c s\u1ea3n xu\u1ea5t v\u1edbi c\u00e1c v\u1eadt li\u1ec7u ch\u1ea5t l\u01b0\u1ee3ng cao nh\u1ea5t v\u00e0 \u0111\u01b0\u1ee3c thi\u1ebft k\u1ebf \u0111\u1ec3 \u0111\u1ea3m b\u1ea3o ho\u1ea1t \u0111\u1ed9ng an to\u00e0n trong nhi\u1ec1u n\u0103m qua. C\u00e1c m\u00e1y b\u01a1m \u0111\u01b0\u1ee3c trang b\u1ecb c\u00e1nh qu\u1ea1t Noryl n\u1ed5i.<\/p>\n<p>L\u0129nh v\u1ef1c s\u1eed d\u1ee5ng:<\/p>\n<ul>\n<li>H\u1ec7 th\u1ed1ng th\u1ee7y l\u1ef1c cho c\u1ea3 c\u00f4ng nghi\u1ec7p v\u00e0 d\u00e2n d\u1ee5ng, h\u1ec7 th\u1ed1ng \u0111i\u1ec1u \u00e1p, t\u01b0\u1edbi ti\u00eau, tr\u1eef n\u01b0\u1edbc, tho\u00e1t n\u01b0\u1edbc.<\/li>\n<\/ul>\n<p>B\u01a1m ch\u1ea5t l\u1ecfng:<\/p>\n<ul>\n<li>Kh\u00f4ng g\u00e2y \u00f4 nhi\u1ec5m, ch\u1ed1ng \u0103n m\u00f2n, \u0111\u01b0\u1ee3c ch\u1ebf t\u1ea1o ho\u00e0n to\u00e0n b\u1eb1ng th\u00e9p kh\u00f4ng g\u1ec9 AISI 304 (c\u1ea3 b\u00ean trong v\u00e0 b\u00ean ngo\u00e0i).<\/li>\n<li>Van ki\u1ec3m tra, \u0111\u01b0\u1ee3c l\u00e0m b\u1eb1ng th\u00e9p kh\u00f4ng g\u1ec9, ng\u0103n d\u00f2ng ch\u1ea3y trong \u0111\u01b0\u1eddng \u1ed1ng \u0111\u1ea3o ng\u01b0\u1ee3c khi \u0111\u1ed9ng c\u01a1 kh\u00f4ng ch\u1ea1y, do \u0111\u00f3 b\u1ea3o v\u1ec7 m\u00e1y b\u01a1m.<\/li>\n<li>Bu\u1ed3ng trung gian, c\u0169ng b\u1eb1ng th\u00e9p kh\u00f4ng g\u1ec9, cho ph\u00e9p hi\u1ec7u su\u1ea5t v\u01b0\u1ee3t tr\u1ed9i ngay c\u1ea3 khi \u00e1p l\u1ef1c n\u01b0\u1edbc \u1edf m\u1ee9c t\u1ed1i \u0111a.<\/li>\n<li>M\u1ed9t trong nh\u1eefng t\u00ednh n\u0103ng ch\u00ednh c\u1ee7a s\u1ea3n ph\u1ea9m n\u00e0y l\u00e0 b\u00e1nh c\u00f4ng t\u00e1c b\u1eb1ng th\u00e9p kh\u00f4ng g\u1ec9 cho ph\u00e9p hi\u1ec7u su\u1ea5t tuy\u1ec7t v\u1eddi. Ch\u1ea5t l\u01b0\u1ee3ng c\u1ee7a b\u00e1nh c\u00f4ng t\u00e1c n\u00e0y kh\u00f4ng th\u1ec3 so s\u00e1nh v\u1edbi lo\u1ea1i th\u00f4ng th\u01b0\u1eddng b\u1eb1ng nh\u1ef1a ho\u1eb7c \u0111\u1ed3ng thau. Kh\u00f4ng li\u00ean quan \u0111\u1ebfn kh\u1ea3 n\u0103ng ch\u1ed1ng m\u00e0i m\u00f2n, c\u0169ng nh\u01b0 trong th\u1eddi gian t\u01b0\u01a1ng t\u1ef1. \u0110\u00f3 l\u00e0 trong th\u1ef1c t\u1ebf ch\u1ea5t l\u01b0\u1ee3ng v\u01b0\u1ee3t tr\u1ed9i r\u00f5 r\u00e0ng.<\/li>\n<\/ul>\n<h4><strong>Nguy\u00ean l\u00fd ho\u1ea1t \u0111\u1ed9ng c\u1ee7a m\u00e1y b\u01a1m gi\u1ebfng khoan<\/strong><\/h4>\n<p>M\u00e1y b\u01a1m gi\u1ebfng khoan <a href=\"https:\/\/elanta.vn\">Elanta<\/a> l\u00e0 d\u00f2ng b\u01a1m \u0111a t\u1ea7ng c\u00e1nh \u0111\u01b0\u1ee3c l\u1eafp theo ph\u01b0\u01a1ng th\u1eb3ng \u0111\u1ee9ng. B\u01a1m \u0111\u01b0\u1ee3c n\u1ed1i v\u1edbi m\u1ed9t \u0111\u01b0\u1eddng \u1ed1ng v\u00e0 d\u00e2y (ngu\u1ed3n \u0111i\u1ec7n) v\u00e0 th\u1ea3 ch\u00ecm xu\u1ed1ng gi\u1ebfng. Khi th\u1ea3 b\u01a1m xu\u1ed1ng n\u00ean \u0111\u1ec3 m\u00e1y b\u01a1m c\u00e1c \u0111\u00e1y gi\u1ebfng 5 \u2013 10m \u0111\u1ec3 tr\u00e1nh h\u00fat b\u00f9n \u0111\u1ea5t. D\u00e2y \u0111i\u1ec7n \u1edf b\u01a1m \u0111\u01b0\u1ee3c n\u1ed1i v\u1edbi d\u00e2y \u0111i\u1ec7n c\u1ee7a \u0111\u1ed9ng c\u01a1. Th\u00f4ng th\u01b0\u1eddng tr\u00ean m\u1ed7i s\u1ea3n ph\u1ea9m b\u01a1m ch\u00ecm gi\u1ebfng khoan \u0111\u00e3 c\u00f3 s\u1eb5n kho\u1ea3ng 5 m\u00e9t c\u00e1p \u0111i\u1ec7n n\u1ed1i s\u1eb5n t\u1eeb \u0111\u1ed9ng c\u01a1. V\u00ec v\u1eady khi l\u1eafp \u0111\u1eb7t m\u1ecdi ng\u01b0\u1eddi c\u1ea7n \u0111\u1ea5u d\u00e2y ngu\u1ed3n v\u00e0o \u0111\u1ea7u c\u00f2n l\u1ea1i c\u1ee7a d\u00e2y c\u00f3 s\u1eb5n \u1edf \u0111\u1ed9ng c\u01a1.<\/p>\n<p>\u0110\u1ea7u b\u01a1m \u0111\u01b0\u1ee3c n\u1ed1i ch\u1eafc ch\u1eafn v\u1edbi \u1ed1ng x\u1ea3 v\u00ec th\u1ebf khi c\u00f3 n\u01b0\u1edbc \u0111\u1ea9y l\u00ean s\u1ebd kh\u00f4ng b\u1ecb t\u1ee5t. D\u00e2y c\u1ea5p n\u1ed1i b\u01a1m ph\u1ea3i c\u00f3 \u0111\u1ed9 d\u00e0i ph\u00f9 h\u1ee3p \u0111\u1ec3 c\u00f3 th\u1ec3 n\u1ed1i t\u1eeb b\u01a1m \u0111\u1ebfn ngu\u1ed3n \u0111i\u1ec7n<\/p>\n<p>Khi m\u00e1y b\u01a1m gi\u1ebfng khoan ho\u1ea1t \u0111\u1ed9ng, \u0111\u1ed9ng c\u01a1 quay tr\u1ee5c v\u00e0 tr\u1ee5c quay c\u00e1c c\u00e1nh qu\u1ea1t. C\u00e1nh qu\u1ea1t ho\u1ea1t \u0111\u1ed9ng ly t\u00e2m v\u00e0 \u0111\u1ea9y n\u01b0\u1edbc l\u00ean tr\u00ean, h\u00fat n\u01b0\u1edbc qua khe gi\u1eefa bu\u1ed3ng b\u01a1m v\u00e0 \u0111\u1ed9ng c\u01a1. Sau \u0111\u00f3 s\u1ebd \u0111\u1ea9y n\u01b0\u1edbc l\u00ean tr\u00ean qua \u1ed1ng x\u1ea3 \u0111\u00e3 \u0111\u01b0\u1ee3c k\u1ebf n\u1ed1i t\u1eeb tr\u01b0\u1edbc. N\u01b0\u1edbc \u0111i l\u00ean v\u00e0 th\u00f4ng qua c\u00e1c \u0111\u01b0\u1eddng \u1ed1ng ng\u1ea7m v\u00e0o h\u1ec7 th\u1ed1ng \u1ed1ng n\u01b0\u1edbc.<\/p>\n<h4><strong>\u1ee8NG D\u1ee4NG:<\/strong><\/h4>\n<p>C\u1ea5p n\u01b0\u1edbc t\u1eeb gi\u1ebfng s\u00e2u, h\u1ec7 th\u1ed1ng t\u01b0\u1edbi ti\u00eau, t\u01b0\u1edbi ti\u00eau n\u00f4ng nghi\u1ec7p, d\u00e2n d\u1ee5ng. V\u00e0 c\u00f4ng nghi\u1ec7p, h\u1ec7 th\u1ed1ng ph\u00f2ng ch\u00e1y ch\u1eefa ch\u00e1y, tho\u00e1t n\u01b0\u1edbc.<\/p>\n<p>Xem th\u00eam \u0111\u1ed9ng c\u01a1 m\u00e1y b\u01a1m gi\u1ebfng khoan <a href=\"https:\/\/conforto.vn\/san-pham\/may-bom-gieng-khoan\/dong-co-4-inch\/\">t\u1ea1i \u0111\u00e2y<\/a> !<\/p>\n","protected":false},"excerpt":{"rendered":"<ul>\n<li>Model:DP4 E15\/12<\/li>\n<li>C\u00f4ng su\u1ea5t :\u00a0 1.5HP\/380v\/50Hz<\/li>\n<li>L\u01b0u l\u01b0\u1ee3ng : Q =\u00a0 35-120lit\/min<\/li>\n<li>C\u1ed9t \u00e1p: \u00a0H =\u00a0 77-4m<\/li>\n<li>Xu\u1ea5t x\u1ee9: Italy<\/li>\n<li>\u0110\u00e3 bao g\u1ed3m \u0111\u1ed9ng c\u01a1<\/li>\n<\/ul>\n","protected":false},"featured_media":2844,"comment_status":"open","ping_status":"closed","template":"","meta":[],"product_brand":[],"product_cat":[362],"product_tag":[30,272,475,505,507],"class_list":{"0":"post-2819","1":"product","2":"type-product","3":"status-publish","4":"has-post-thumbnail","6":"product_cat-bom-gieng-khoan","7":"product_tag-may-bom","8":"product_tag-may-bom-gieng-khoan","9":"product_tag-may-bom-gieng-khoan-elanta","10":"product_tag-may-bom-gieng-khoan-elanta-dp4","11":"product_tag-may-bom-gieng-khoan-elanta-dp4-e15-12","13":"first","14":"instock","15":"shipping-taxable","16":"product-type-simple"},"_links":{"self":[{"href":"https:\/\/conforto.vn\/index.php\/wp-json\/wp\/v2\/product\/2819","targetHints":{"allow":["GET"]}}],"collection":[{"href":"https:\/\/conforto.vn\/index.php\/wp-json\/wp\/v2\/product"}],"about":[{"href":"https:\/\/conforto.vn\/index.php\/wp-json\/wp\/v2\/types\/product"}],"replies":[{"embeddable":true,"href":"https:\/\/conforto.vn\/index.php\/wp-json\/wp\/v2\/comments?post=2819"}],"wp:featuredmedia":[{"embeddable":true,"href":"https:\/\/conforto.vn\/index.php\/wp-json\/wp\/v2\/media\/2844"}],"wp:attachment":[{"href":"https:\/\/conforto.vn\/index.php\/wp-json\/wp\/v2\/media?parent=2819"}],"wp:term":[{"taxonomy":"product_brand","embeddable":true,"href":"https:\/\/conforto.vn\/index.php\/wp-json\/wp\/v2\/product_brand?post=2819"},{"taxonomy":"product_cat","embeddable":true,"href":"https:\/\/conforto.vn\/index.php\/wp-json\/wp\/v2\/product_cat?post=2819"},{"taxonomy":"product_tag","embeddable":true,"href":"https:\/\/conforto.vn\/index.php\/wp-json\/wp\/v2\/product_tag?post=2819"}],"curies":[{"name":"wp","href":"https:\/\/api.w.org\/{rel}","templated":true}]}}