{"id":2902,"date":"2026-05-11T08:40:33","date_gmt":"2026-05-11T08:40:33","guid":{"rendered":"https:\/\/conforto.vn\/?post_type=product&#038;p=2902"},"modified":"2026-05-11T08:40:35","modified_gmt":"2026-05-11T08:40:35","slug":"may-bom-truc-dung-elanta-ev-6-21","status":"publish","type":"product","link":"https:\/\/conforto.vn\/index.php\/san-pham\/may-bom-truc-dung-elanta-ev-6-21\/","title":{"rendered":"M\u00e1y b\u01a1m tr\u1ee5c \u0111\u1ee9ng Elanta EV 6\/21"},"content":{"rendered":"<p><strong>M\u00e1y b\u01a1m tr\u1ee5c \u0111\u1ee9ng Elanta EV 6\/21<\/strong><\/p>\n<p><a href=\"https:\/\/conforto.vn\/wp-content\/uploads\/2019\/10\/CONFORTO-ELANTA-EV-50hz.pdf\">T\u1ea3i v\u1ec1 ELANTA EV Catalogue<\/a><\/p>\n<p><strong>\u1ee8NG D\u1ee4NG:<\/strong><\/p>\n<p><strong>\u2013\u00a0<\/strong>Thi\u1ebft k\u1ebf chuy\u00ean d\u1ee5ng \u0111\u1ec3 h\u00fat ch\u1ea5t l\u1ecfng, b\u01a1m tu\u1ea7n ho\u00e0n n\u01b0\u1edbc.<\/p>\n<p>\u2013\u00a0C\u1ea5p n\u01b0\u1edbc trong c\u00e1c ng\u00e0nh c\u00f4ng nghi\u00eap, n\u00f4ng nghi\u1ec7p, h\u1ec7 th\u1ed1ng \u0111i\u1ec1u \u00e1p.<\/p>\n<p>\u2013 B\u00f9 \u00e1p cho h\u1ec7 th\u1ed1ng n\u01b0\u1edbc c\u00f4ng nghi\u1ec7p, c\u00f4ng tr\u00ecnh, cao \u1ed1c.<\/p>\n<p>\u2013 D\u00f9ng trong h\u1ec7 th\u1ed1ng PCCC.<\/p>\n<p><strong>\u0110\u1eb6C TR\u01afNG:<\/strong><\/p>\n<p>\u2013 V\u1ecf b\u01a1m,gu\u1ed3ng v\u00e0 c\u00e1nh b\u01a1m, c\u1ed1t m\u00e1y \u0111\u01b0\u1ee3c c\u1ea5u t\u1ea1o b\u1eb1ng Inox ch\u1ed1ng \u0111\u01b0\u1ee3c qu\u00e1 tr\u00ecnh Oxi h\u00f3a, gi\u1ea3m thi\u1ec3u t\u1ed1i \u0111a s\u1ef1 ma s\u00e1t.<\/p>\n<p>\u2013 Thi\u1ebft k\u1ebf \u0111\u1eb9p, \u0111\u1ed9 \u1ed3n th\u1ea5p, ti\u1ebft ki\u1ec7m \u0111i\u1ec7n, \u0111\u1ed9 b\u1ec1n cao.<\/p>\n<p>\u2013 C\u00f4ng su\u1ea5t cao cho \u0111\u01b0\u1ee3c l\u01b0u l\u01b0\u1ee3ng n\u01b0\u1edbc cao.<\/p>\n<p>\u2013 C\u00f3 r\u1edd le nhi\u1ec7t t\u1ef1 \u0111\u1ed9ng ng\u1eaft khi nhi\u1ec7t \u0111\u1ecd l\u00ean \u0111\u1ebfn 100 \u0111\u1ed9 C, tr\u00e1nh \u0111\u01b0\u1ee3c nhi\u1ec1u s\u1ef1 c\u1ed1 h\u01b0 h\u1ecfng, t\u0103ng tu\u1ed5i th\u1ecd cho m\u00e1y.<\/p>\n","protected":false},"excerpt":{"rendered":"<ul>\n<li>Model : EV 6\/21<\/li>\n<li>C\u00f4ng su\u1ea5t : 3kW &#8211; 4HP<\/li>\n<li>L\u01b0u l\u01b0\u1ee3ng : 2,5 &#8211; 7 m3\/h<\/li>\n<li>C\u1ed9t \u00e1p : 149,5 &#8211; 85,5 Hm<\/li>\n<li>Xu\u1ea5t x\u1ee9 : Italya<\/li>\n<li>B\u1ea3o h\u00e0nh : 12 th\u00e1ng<\/li>\n<\/ul>\n","protected":false},"featured_media":2721,"comment_status":"open","ping_status":"closed","template":"","meta":[],"product_brand":[],"product_cat":[571],"product_tag":[30,525,372,373,591],"class_list":{"0":"post-2902","1":"product","2":"type-product","3":"status-publish","4":"has-post-thumbnail","6":"product_cat-ev-6-10","7":"product_tag-may-bom","8":"product_tag-may-bom-truc-dung","9":"product_tag-may-bom-truc-dung-elanta","10":"product_tag-may-bom-truc-dung-elanta-ev","11":"product_tag-may-bom-truc-dung-elanta-ev-6-21","13":"first","14":"instock","15":"shipping-taxable","16":"product-type-simple"},"_links":{"self":[{"href":"https:\/\/conforto.vn\/index.php\/wp-json\/wp\/v2\/product\/2902","targetHints":{"allow":["GET"]}}],"collection":[{"href":"https:\/\/conforto.vn\/index.php\/wp-json\/wp\/v2\/product"}],"about":[{"href":"https:\/\/conforto.vn\/index.php\/wp-json\/wp\/v2\/types\/product"}],"replies":[{"embeddable":true,"href":"https:\/\/conforto.vn\/index.php\/wp-json\/wp\/v2\/comments?post=2902"}],"wp:featuredmedia":[{"embeddable":true,"href":"https:\/\/conforto.vn\/index.php\/wp-json\/wp\/v2\/media\/2721"}],"wp:attachment":[{"href":"https:\/\/conforto.vn\/index.php\/wp-json\/wp\/v2\/media?parent=2902"}],"wp:term":[{"taxonomy":"product_brand","embeddable":true,"href":"https:\/\/conforto.vn\/index.php\/wp-json\/wp\/v2\/product_brand?post=2902"},{"taxonomy":"product_cat","embeddable":true,"href":"https:\/\/conforto.vn\/index.php\/wp-json\/wp\/v2\/product_cat?post=2902"},{"taxonomy":"product_tag","embeddable":true,"href":"https:\/\/conforto.vn\/index.php\/wp-json\/wp\/v2\/product_tag?post=2902"}],"curies":[{"name":"wp","href":"https:\/\/api.w.org\/{rel}","templated":true}]}}