{"id":2989,"date":"2026-05-11T08:40:47","date_gmt":"2026-05-11T08:40:47","guid":{"rendered":"https:\/\/conforto.vn\/?post_type=product&#038;p=2989"},"modified":"2026-05-11T08:40:48","modified_gmt":"2026-05-11T08:40:48","slug":"bom-truc-dung-elanta-ev15-9","status":"publish","type":"product","link":"https:\/\/conforto.vn\/index.php\/san-pham\/bom-truc-dung-elanta-ev15-9\/","title":{"rendered":"B\u01a1m tr\u1ee5c \u0111\u1ee9ng Elanta EV15\/9"},"content":{"rendered":"<p><strong>M\u00e1y b\u01a1m tr\u1ee5c \u0111\u1ee9ng Elanta EV 15<\/strong><\/p>\n<p><a href=\"https:\/\/conforto.vn\/wp-content\/uploads\/2019\/10\/CONFORTO-ELANTA-EV-50hz.pdf\">T\u1ea3i v\u1ec1 ELANTA EV Catalogue<\/a><\/p>\n<p><strong>\u1ee8NG D\u1ee4NG:<\/strong><\/p>\n<p><strong>\u2013\u00a0<\/strong>Thi\u1ebft k\u1ebf chuy\u00ean d\u1ee5ng \u0111\u1ec3 h\u00fat ch\u1ea5t l\u1ecfng, b\u01a1m tu\u1ea7n ho\u00e0n n\u01b0\u1edbc.<\/p>\n<p>\u2013\u00a0C\u1ea5p n\u01b0\u1edbc trong c\u00e1c ng\u00e0nh c\u00f4ng nghi\u00eap, n\u00f4ng nghi\u1ec7p, h\u1ec7 th\u1ed1ng \u0111i\u1ec1u \u00e1p.<\/p>\n<p>\u2013 B\u00f9 \u00e1p cho h\u1ec7 th\u1ed1ng n\u01b0\u1edbc c\u00f4ng nghi\u1ec7p, c\u00f4ng tr\u00ecnh, cao \u1ed1c.<\/p>\n<p>\u2013 D\u00f9ng trong h\u1ec7 th\u1ed1ng PCCC.<\/p>\n<p><strong>\u0110\u1eb6C TR\u01afNG:<\/strong><\/p>\n<p>\u2013 V\u1ecf b\u01a1m,gu\u1ed3ng v\u00e0 c\u00e1nh b\u01a1m, c\u1ed1t m\u00e1y \u0111\u01b0\u1ee3c c\u1ea5u t\u1ea1o b\u1eb1ng Inox ch\u1ed1ng \u0111\u01b0\u1ee3c qu\u00e1 tr\u00ecnh Oxi h\u00f3a, gi\u1ea3m thi\u1ec3u t\u1ed1i \u0111a s\u1ef1 ma s\u00e1t.<\/p>\n<p>\u2013 Thi\u1ebft k\u1ebf \u0111\u1eb9p, \u0111\u1ed9 \u1ed3n th\u1ea5p, ti\u1ebft ki\u1ec7m \u0111i\u1ec7n, \u0111\u1ed9 b\u1ec1n cao.<\/p>\n<p>\u2013 C\u00f4ng su\u1ea5t cao cho \u0111\u01b0\u1ee3c l\u01b0u l\u01b0\u1ee3ng n\u01b0\u1edbc cao.<\/p>\n<p>\u2013 C\u00f3 r\u1edd le nhi\u1ec7t t\u1ef1 \u0111\u1ed9ng ng\u1eaft khi nhi\u1ec7t \u0111\u1ecd l\u00ean \u0111\u1ebfn 100 \u0111\u1ed9 C, tr\u00e1nh \u0111\u01b0\u1ee3c nhi\u1ec1u s\u1ef1 c\u1ed1 h\u01b0 h\u1ecfng, t\u0103ng tu\u1ed5i th\u1ecd cho m\u00e1y.<\/p>\n<p>Th\u1eed xem c\u00e1c m\u00e1y b\u01a1m kh\u00e1c : <a href=\"https:\/\/conforto.vn\/san-pham\/may-bom-ly-tam\/may-bom-truc-dung\/\">M\u00e1y b\u01a1m tr\u1ee5c \u0111\u1ee9ng<\/a>!<\/p>\n<p>&#8212;&#8212;&#8212;&#8212;&#8212;&#8212;&#8212;&#8212;&#8212;&#8212;&#8212;&#8212;&#8212;&#8212;&#8212;&#8212;&#8212;&#8212;&#8212;&#8212;&#8212;&#8212;&#8212;&#8212;&#8212;-<\/p>\n<p>Inbox Zalo: <a href=\"https:\/\/zalo.me\/0976540488?fbclid=IwZXh0bgNhZW0CMTAAAR3qh5r5-ctY8QIm-6RzieXui9xZ6PLRNZlF_HDiBs98u7Cn27O8HO34SGE_aem_v7LfMImC8rVbvvmvKvKuEA\">https:\/\/zalo.me\/097654048<\/a><\/p>\n<p>Website: <a href=\"https:\/\/codienhoangmai.net\/\">https:\/\/codienhoangmai.net\/<\/a><\/p>\n<p><a href=\"https:\/\/nasapump.vn\/?fbclid=IwZXh0bgNhZW0CMTAAAR09beO0YyJtRU2Ju7tZNwEAqs1W1kWZqKkbW_CF5kL-McoSqHd8kEoUSmM_aem_zlNf1yip_f7r8Yd2q0zmhQ\">https:\/\/nasapump.vn\/<\/a><\/p>\n<p>https:\/\/<a href=\"https:\/\/conforto.vn\/\">conforto.vn\/<\/a><\/p>\n<p>C\u00f4ng ty TNHH \u0110\u1ea7u t\u01b0 Th\u01b0\u01a1ng m\u1ea1i &amp; X\u00e2y D\u1ef1ng Nasa<\/p>\n<p>Tr\u1ee5 s\u1edf Mi\u1ec1n B\u1eafc: S\u1ed1 465 Tam Trinh, Ho\u00e0ng Mai, H\u00e0 N\u1ed9i<\/p>\n<p>VP mi\u1ec1n nam: 480 \u0110\u01b0\u1eddng 51, KP2, P.Ph\u00fa T\u00e2n, TP Th\u1ee7 D\u1ea7u M\u1ed9t , T\u1ec9nh B\u00ecnh D\u01b0\u01a1ng<\/p>\n","protected":false},"excerpt":{"rendered":"<p>C\u00f4ng su\u1ea5t: 7.5kw\/380<br \/>\nL\u01b0u l\u01b0\u1ee3ng:<br \/>\nC\u1ed9t \u00e1p:<br \/>\nXu\u1ea5t x\u1ee9: \u00dd<\/p>\n","protected":false},"featured_media":0,"comment_status":"open","ping_status":"closed","template":"","meta":[],"product_brand":[],"product_cat":[362],"product_tag":[],"class_list":{"0":"post-2989","1":"product","2":"type-product","3":"status-publish","5":"product_cat-bom-gieng-khoan","7":"first","8":"instock","9":"shipping-taxable","10":"product-type-simple"},"_links":{"self":[{"href":"https:\/\/conforto.vn\/index.php\/wp-json\/wp\/v2\/product\/2989","targetHints":{"allow":["GET"]}}],"collection":[{"href":"https:\/\/conforto.vn\/index.php\/wp-json\/wp\/v2\/product"}],"about":[{"href":"https:\/\/conforto.vn\/index.php\/wp-json\/wp\/v2\/types\/product"}],"replies":[{"embeddable":true,"href":"https:\/\/conforto.vn\/index.php\/wp-json\/wp\/v2\/comments?post=2989"}],"wp:attachment":[{"href":"https:\/\/conforto.vn\/index.php\/wp-json\/wp\/v2\/media?parent=2989"}],"wp:term":[{"taxonomy":"product_brand","embeddable":true,"href":"https:\/\/conforto.vn\/index.php\/wp-json\/wp\/v2\/product_brand?post=2989"},{"taxonomy":"product_cat","embeddable":true,"href":"https:\/\/conforto.vn\/index.php\/wp-json\/wp\/v2\/product_cat?post=2989"},{"taxonomy":"product_tag","embeddable":true,"href":"https:\/\/conforto.vn\/index.php\/wp-json\/wp\/v2\/product_tag?post=2989"}],"curies":[{"name":"wp","href":"https:\/\/api.w.org\/{rel}","templated":true}]}}