{"id":3003,"date":"2026-05-11T09:54:53","date_gmt":"2026-05-11T09:54:53","guid":{"rendered":"https:\/\/conforto.vn\/index.php\/san-pham\/bom-chim-nuoc\/"},"modified":"2026-05-11T09:54:53","modified_gmt":"2026-05-11T09:54:53","slug":"bom-chim-nuoc","status":"publish","type":"product","link":"https:\/\/conforto.vn\/index.php\/san-pham\/bom-chim-nuoc\/","title":{"rendered":"B\u01a1m ch\u00ecm n\u01b0\u1edbc"},"content":{"rendered":"<p>B\u01a1m ch\u00ecm thi\u1ebft k\u1ebf ch\u1ed1ng n\u01b0\u1edbc tuy\u1ec7t \u0111\u1ed1i, ph\u00f9 h\u1ee3p cho gi\u1ebfng khoan v\u00e0 b\u1ec3 ch\u1ee9a, v\u1eadn h\u00e0nh \u00eam \u00e1i v\u00e0 b\u1ec1n b\u1ec9 trong m\u00f4i tr\u01b0\u1eddng n\u01b0\u1edbc.<\/p>\n","protected":false},"excerpt":{"rendered":"<p>B\u01a1m ch\u00ecm thi\u1ebft k\u1ebf ch\u1ed1ng n\u01b0\u1edbc tuy\u1ec7t \u0111\u1ed1i, ph\u00f9 h\u1ee3p cho gi\u1ebfng khoan v\u00e0 b\u1ec3 ch\u1ee9a, v\u1eadn h\u00e0nh \u00eam \u00e1i v\u00e0 b\u1ec1n b\u1ec9 trong m\u00f4i tr\u01b0\u1eddng n\u01b0\u1edbc.<\/p>\n","protected":false},"featured_media":3004,"comment_status":"open","ping_status":"closed","template":"","meta":[],"product_brand":[],"product_cat":[651],"product_tag":[],"class_list":{"0":"post-3003","1":"product","2":"type-product","3":"status-publish","4":"has-post-thumbnail","6":"product_cat-dong-san-pham","8":"first","9":"instock","10":"shipping-taxable","11":"purchasable","12":"product-type-simple"},"_links":{"self":[{"href":"https:\/\/conforto.vn\/index.php\/wp-json\/wp\/v2\/product\/3003","targetHints":{"allow":["GET"]}}],"collection":[{"href":"https:\/\/conforto.vn\/index.php\/wp-json\/wp\/v2\/product"}],"about":[{"href":"https:\/\/conforto.vn\/index.php\/wp-json\/wp\/v2\/types\/product"}],"replies":[{"embeddable":true,"href":"https:\/\/conforto.vn\/index.php\/wp-json\/wp\/v2\/comments?post=3003"}],"wp:featuredmedia":[{"embeddable":true,"href":"https:\/\/conforto.vn\/index.php\/wp-json\/wp\/v2\/media\/3004"}],"wp:attachment":[{"href":"https:\/\/conforto.vn\/index.php\/wp-json\/wp\/v2\/media?parent=3003"}],"wp:term":[{"taxonomy":"product_brand","embeddable":true,"href":"https:\/\/conforto.vn\/index.php\/wp-json\/wp\/v2\/product_brand?post=3003"},{"taxonomy":"product_cat","embeddable":true,"href":"https:\/\/conforto.vn\/index.php\/wp-json\/wp\/v2\/product_cat?post=3003"},{"taxonomy":"product_tag","embeddable":true,"href":"https:\/\/conforto.vn\/index.php\/wp-json\/wp\/v2\/product_tag?post=3003"}],"curies":[{"name":"wp","href":"https:\/\/api.w.org\/{rel}","templated":true}]}}